{"id":4883,"date":"2014-10-20T11:30:08","date_gmt":"2014-10-20T03:30:08","guid":{"rendered":"https:\/\/rms.tmu.edu.tw\/%e9%97%9c%e6%96%bc%e6%88%91%e5%80%91\/"},"modified":"2021-08-12T19:45:06","modified_gmt":"2021-08-12T11:45:06","slug":"acerca-de-nosotros","status":"publish","type":"page","link":"https:\/\/rms.tmu.edu.tw\/es\/acerca-de-nosotros\/","title":{"rendered":"Acerca de nosotros"},"content":{"rendered":"\n<style type=\"text\/css\" data-created_by=\"avia_inline_auto\" id=\"style-css-av-av_section-554e245dbd07b9096c83b6ddd14a6fde\">\n.avia-section.av-av_section-554e245dbd07b9096c83b6ddd14a6fde .av-parallax .av-parallax-inner{\nbackground-repeat:no-repeat;\nbackground-image:url(https:\/\/rms.tmu.edu.tw\/wp-content\/uploads\/2019\/01\/tmu04.jpg);\nbackground-position:50% 50%;\nbackground-attachment:scroll;\n}\n.avia-section.av-av_section-554e245dbd07b9096c83b6ddd14a6fde .av-section-color-overlay{\nopacity:0.3;\nbackground-color:#ffffff;\n}\n<\/style>\n<div id='av_section_1'  class='avia-section av-av_section-554e245dbd07b9096c83b6ddd14a6fde main_color avia-section-default avia-no-border-styling  avia-builder-el-0  el_before_av_section  avia-builder-el-first  avia-full-stretch av-parallax-section avia-bg-style-parallax av-section-color-overlay-active av-minimum-height av-minimum-height-custom av-height-custom  container_wrap sidebar_right'  data-section-bg-repeat='stretch' data-av_minimum_height_px='400'><div class='av-parallax' data-avia-parallax-ratio='0.3' ><div class='av-parallax-inner main_color avia-full-stretch'><\/div><\/div><div class=\"av-section-color-overlay-wrap\"><div class=\"av-section-color-overlay\"><\/div><div class='container av-section-cont-open' style='height:400px'><main  role=\"main\" itemprop=\"mainContentOfPage\"  class='template-page content  av-content-small alpha units'><div class='post-entry post-entry-type-page post-entry-4883'><div class='entry-content-wrapper clearfix'>\n<div  class='flex_column av-av_one_third-bb0c93372dbfdfd42698443400a42550 av_one_third  avia-builder-el-1  el_before_av_one_third  avia-builder-el-first  flex_column_div  '     ><p>\n<style type=\"text\/css\" data-created_by=\"avia_inline_auto\" id=\"style-css-av-av_heading-76c7d4f233bea044c2ceb553b9f7c9d0\">\n#top .av-special-heading.av-av_heading-76c7d4f233bea044c2ceb553b9f7c9d0{\npadding-bottom:0;\n}\nbody .av-special-heading.av-av_heading-76c7d4f233bea044c2ceb553b9f7c9d0 .av-special-heading-tag .heading-char{\nfont-size:25px;\n}\n.av-special-heading.av-av_heading-76c7d4f233bea044c2ceb553b9f7c9d0 .av-subheading{\nfont-size:15px;\n}\n<\/style>\n<div  class='av-special-heading av-av_heading-76c7d4f233bea044c2ceb553b9f7c9d0 av-special-heading-h2 blockquote modern-quote modern-centered  avia-builder-el-2  el_before_av_hr  avia-builder-el-first '><h2 class='av-special-heading-tag '  itemprop=\"headline\"  >Acerca de nosotros<\/h2><div class=\"special-heading-border\"><div class=\"special-heading-inner-border\"><\/div><\/div><\/div><br \/>\n\n<style type=\"text\/css\" data-created_by=\"avia_inline_auto\" id=\"style-css-av-av_hr-95990da6877a02e1f0084c337901a43e\">\n#top .hr.av-av_hr-95990da6877a02e1f0084c337901a43e{\nmargin-top:10px;\nmargin-bottom:10px;\n}\n.hr.av-av_hr-95990da6877a02e1f0084c337901a43e .hr-inner{\nwidth:80%;\nborder-color:#bbbbbb;\n}\n<\/style>\n<div  class='hr av-av_hr-95990da6877a02e1f0084c337901a43e hr-custom  avia-builder-el-3  el_after_av_heading  el_before_av_textblock  hr-center hr-icon-no'><span class='hr-inner inner-border-av-border-thin'><span class=\"hr-inner-style\"><\/span><\/span><\/div><br \/>\n\n<style type=\"text\/css\" data-created_by=\"avia_inline_auto\" id=\"style-css-av-av_textblock-2510ccadb0238e5172772406e6ad17c6\">\n#top .av_textblock_section.av-av_textblock-2510ccadb0238e5172772406e6ad17c6 .avia_textblock{\nfont-size:18px;\n}\n<\/style>\n<section  class='av_textblock_section av-av_textblock-2510ccadb0238e5172772406e6ad17c6 '   itemscope=\"itemscope\" itemtype=\"https:\/\/schema.org\/CreativeWork\" ><div class='avia_textblock'  itemprop=\"text\" ><p style=\"text-align: center;\">Centro de Medicina Reproductiva, Hospital<br \/>\nde la Universidad M\u00e9dica de Taipei<\/p>\n<\/div><\/section><\/p><\/div>\n<style type=\"text\/css\" data-created_by=\"avia_inline_auto\" id=\"style-css-av-av_one_third-74b1179ac355c64b0e8161869e71b179\">\n.flex_column.av-av_one_third-74b1179ac355c64b0e8161869e71b179{\nborder-radius:0px 0px 0px 0px;\npadding:0px 0px 0px 0px;\n}\n<\/style>\n<div  class='flex_column av-av_one_third-74b1179ac355c64b0e8161869e71b179 av_one_third  avia-builder-el-5  el_after_av_one_third  el_before_av_one_third  title flex_column_div av-zero-column-padding  '     ><\/div>\n<style type=\"text\/css\" data-created_by=\"avia_inline_auto\" id=\"style-css-av-av_one_third-c8fc129dc35fd1ae2a1e410224d39ea8\">\n.flex_column.av-av_one_third-c8fc129dc35fd1ae2a1e410224d39ea8{\nborder-radius:0px 0px 0px 0px;\npadding:0px 0px 0px 0px;\n}\n<\/style>\n<div  class='flex_column av-av_one_third-c8fc129dc35fd1ae2a1e410224d39ea8 av_one_third  avia-builder-el-6  el_after_av_one_third  avia-builder-el-last  flex_column_div av-zero-column-padding  '     ><\/div><\/div><\/div><\/main><!-- close content main element --><\/div><\/div><\/div>\n<style type=\"text\/css\" data-created_by=\"avia_inline_auto\" id=\"style-css-av-av_section-1673f82a4a2012737b1ad626b8ce3413\">\n.avia-section.av-av_section-1673f82a4a2012737b1ad626b8ce3413 .av-extra-border-element .av-extra-border-inner{\nbackground-color:#02542e;\n}\n<\/style>\n<div id='center_news'  class='avia-section av-av_section-1673f82a4a2012737b1ad626b8ce3413 alternate_color avia-section-small avia-no-border-styling  avia-builder-el-7  el_after_av_section  el_before_av_section  avia-bg-style-scroll av-arrow-down-section container_wrap sidebar_right'  ><div class='container av-section-cont-open' ><div class='template-page content  av-content-small alpha units'><div class='post-entry post-entry-type-page post-entry-4883'><div class='entry-content-wrapper clearfix'>\n<div  class='flex_column av-av_one_full-bb0c93372dbfdfd42698443400a42550 av_one_full  avia-builder-el-8  avia-builder-el-no-sibling  flex_column_div  '     ><style type=\"text\/css\" data-created_by=\"avia_inline_auto\" id=\"style-css-av-av_heading-dcefd9f3700bb0ba8969beed7fb05aac\">\n#top .av-special-heading.av-av_heading-dcefd9f3700bb0ba8969beed7fb05aac{\npadding-bottom:0;\n}\nbody .av-special-heading.av-av_heading-dcefd9f3700bb0ba8969beed7fb05aac .av-special-heading-tag .heading-char{\nfont-size:25px;\n}\n.av-special-heading.av-av_heading-dcefd9f3700bb0ba8969beed7fb05aac .av-subheading{\nfont-size:15px;\n}\n<\/style>\n<div  class='av-special-heading av-av_heading-dcefd9f3700bb0ba8969beed7fb05aac av-special-heading-h2 blockquote modern-quote modern-centered  avia-builder-el-9  avia-builder-el-no-sibling '><h2 class='av-special-heading-tag '  itemprop=\"headline\"  >Introducci\u00f3n del centro<\/h2><div class=\"special-heading-border\"><div class=\"special-heading-inner-border\"><\/div><\/div><\/div><\/div><\/div><\/div><\/div><!-- close content main div --><\/div><div class='av-extra-border-element border-extra-arrow-down'><div class='av-extra-border-outer'><div class='av-extra-border-inner'><\/div><\/div><\/div><\/div>\n<style type=\"text\/css\" data-created_by=\"avia_inline_auto\" id=\"style-css-av-av_section-591e65582c05a286755e0c759b2b9ea6\">\n.avia-section.av-av_section-591e65582c05a286755e0c759b2b9ea6{\nbackground-color:#f8f8f8;\nbackground-image:unset;\n}\n<\/style>\n<div id='av_section_3'  class='avia-section av-av_section-591e65582c05a286755e0c759b2b9ea6 main_color avia-section-default avia-no-border-styling  avia-builder-el-10  el_after_av_section  el_before_av_section  avia-bg-style-scroll container_wrap sidebar_right'  ><div class='container av-section-cont-open' ><div class='template-page content  av-content-small alpha units'><div class='post-entry post-entry-type-page post-entry-4883'><div class='entry-content-wrapper clearfix'>\n<div class='flex_column_table av-av_one_fifth-f48aa525c62d278398d5f121b0988c22 sc-av_one_fifth av-equal-height-column-flextable'>\n<style type=\"text\/css\" data-created_by=\"avia_inline_auto\" id=\"style-css-av-av_one_fifth-f48aa525c62d278398d5f121b0988c22\">\n.flex_column.av-av_one_fifth-f48aa525c62d278398d5f121b0988c22{\nborder-radius:0px 0px 0px 0px;\npadding:30px 30px 30px 30px;\n}\n<\/style>\n<div  class='flex_column av-av_one_fifth-f48aa525c62d278398d5f121b0988c22 av_one_fifth  avia-builder-el-11  el_before_av_three_fifth  avia-builder-el-first  first no_margin flex_column_table_cell av-equal-height-column av-align-middle  '     ><\/div><div  class='flex_column av-av_three_fifth-bb0c93372dbfdfd42698443400a42550 av_three_fifth  avia-builder-el-12  el_after_av_one_fifth  el_before_av_one_fifth  no_margin flex_column_table_cell av-equal-height-column av-align-middle  '     ><section  class='av_textblock_section av-av_textblock-2bd894dbf2e4bf2c4acf98ce4fbf94aa '   itemscope=\"itemscope\" itemtype=\"https:\/\/schema.org\/CreativeWork\" ><div class='avia_textblock'  itemprop=\"text\" ><p style=\"text-align: left;\">El Centro de Medicina Reproductiva del Hospital de la Universidad M\u00e9dica de Taipei se estableci\u00f3 en 1991 para ayudar a las parejas inf\u00e9rtiles para tener hijos(hijas) con el uso de la tecnolog\u00eda mas avanzada en m\u00e9dicina reproductiva. La buena calidad del servicio, los excelentes m\u00e9dicos y t\u00e9cnicos de laboratorio, y el crecimiento estable de la ferilizacion in vito han creado muchos \u00e9xitos en la tendencia de infertilidad en nuestro pais: la primera fertilizacion in vitro en nuestro hospital naci\u00f3 en 1991, y en 1993 el primer caso que fue concebido con \u00e9xito con la extracci\u00f3n de espermios desde los testiculos. En 1995, naci\u00f3 el primer beb\u00e9 en el hospital con microinyecci\u00f3n de espermios en los ovulos. En 1996, el primer embri\u00f3n congelado se descongel\u00f3 y el embarazo fue exitoso. En 1999, es el primer centro de medicina reproductiva dom\u00e9stica que paso el ISO 9002 Health Mark. En el mismo a\u00f1o, gan\u00f3 el Premio de Oro Nacional de Calidad de Medios de Vida y Atenci\u00f3n M\u00e9dica de 1999.<\/p>\n<\/div><\/section><br \/>\n\n<style type=\"text\/css\" data-created_by=\"avia_inline_auto\" id=\"style-css-av-av_hr-52b99614f1db0890c6e11e182627758b\">\n#top .hr.hr-invisible.av-av_hr-52b99614f1db0890c6e11e182627758b{\nheight:20px;\n}\n<\/style>\n<div  class='hr av-av_hr-52b99614f1db0890c6e11e182627758b hr-invisible  avia-builder-el-14  el_after_av_textblock  el_before_av_hr '><span class='hr-inner '><span class=\"hr-inner-style\"><\/span><\/span><\/div><br \/>\n\n<style type=\"text\/css\" data-created_by=\"avia_inline_auto\" id=\"style-css-av-av_hr-52b99614f1db0890c6e11e182627758b\">\n#top .hr.hr-invisible.av-av_hr-52b99614f1db0890c6e11e182627758b{\nheight:20px;\n}\n<\/style>\n<div  class='hr av-av_hr-52b99614f1db0890c6e11e182627758b hr-invisible  avia-builder-el-15  el_after_av_hr  el_before_av_textblock '><span class='hr-inner '><span class=\"hr-inner-style\"><\/span><\/span><\/div><br \/>\n<section  class='av_textblock_section av-av_textblock-2bd894dbf2e4bf2c4acf98ce4fbf94aa '   itemscope=\"itemscope\" itemtype=\"https:\/\/schema.org\/CreativeWork\" ><div class='avia_textblock'  itemprop=\"text\" ><p style=\"text-align: left;\">El centro tiene excelentes m\u00e9dicos, consultoras profesionales y t\u00e9cnicos de laboratorio con experiencia. A lo largo de los a\u00f1os, ha investigado e innovado continuamente y ha desarrollado nuevas tecnolog\u00edas para proveer t\u00e9cnicas de tratamiento quir\u00fargico de alta calidad para mujeres inf\u00e9rtiles y obtener los mejores resultados del tratamiento. El ciclo de tratamiento de la fertilizacion in vitro es de m\u00e1s de 2000 casos por a\u00f1o, con una tasa de \u00e9xito del 50%. Es el l\u00edder del Centro de Medicina Reproductiva de Taiw\u00e1n. En 2017, recibi\u00f3 el s\u00edmbolo SNQ de certificaci\u00f3n de calidad nacional. La Marca Nacional de Calidad SNQ representa el significado de Seguridad y Calidad. En el Centro de Medicina Reproductiva, Hospital de la Universidad M\u00e9dica de Taipei, cuenta con el mejor equipo m\u00e9dico y biotecnolog\u00eda y tecnolog\u00eda m\u00e9dica de alta calidad. Esto lo libera de las dudas de seguridad y calidad.<\/p>\n<\/div><\/section><\/p><\/div>\n<style type=\"text\/css\" data-created_by=\"avia_inline_auto\" id=\"style-css-av-av_one_fifth-b46587e2201a3fef0e845865bddfca88\">\n.flex_column.av-av_one_fifth-b46587e2201a3fef0e845865bddfca88{\nborder-radius:0px 0px 0px 0px;\npadding:30px 30px 30px 30px;\n}\n<\/style>\n<div  class='flex_column av-av_one_fifth-b46587e2201a3fef0e845865bddfca88 av_one_fifth  avia-builder-el-17  el_after_av_three_fifth  avia-builder-el-last  no_margin flex_column_table_cell av-equal-height-column av-align-middle  '     ><\/div><\/div><!--close column table wrapper. Autoclose: 1 --><\/div><\/div><\/div><!-- close content main div --><\/div><\/div>\n<style type=\"text\/css\" data-created_by=\"avia_inline_auto\" id=\"style-css-av-av_section-500e8a269f3d754b83481fed2097e596\">\n.avia-section.av-av_section-500e8a269f3d754b83481fed2097e596 .av-extra-border-element .av-extra-border-inner{\nbackground-color:#02542e;\n}\n<\/style>\n<div id='environment'  class='avia-section av-av_section-500e8a269f3d754b83481fed2097e596 alternate_color avia-section-small avia-no-border-styling  avia-builder-el-18  el_after_av_section  el_before_av_section  avia-bg-style-scroll av-arrow-down-section container_wrap sidebar_right'  ><div class='container av-section-cont-open' ><div class='template-page content  av-content-small alpha units'><div class='post-entry post-entry-type-page post-entry-4883'><div class='entry-content-wrapper clearfix'>\n<div class='flex_column_table av-av_one_full-bb0c93372dbfdfd42698443400a42550 sc-av_one_full av-equal-height-column-flextable'><div  class='flex_column av-av_one_full-bb0c93372dbfdfd42698443400a42550 av_one_full  avia-builder-el-19  avia-builder-el-no-sibling  no_margin flex_column_table_cell av-equal-height-column av-align-middle  '     ><style type=\"text\/css\" data-created_by=\"avia_inline_auto\" id=\"style-css-av-av_heading-18d53aeaff8e092a716809947b9576a1\">\n#top .av-special-heading.av-av_heading-18d53aeaff8e092a716809947b9576a1{\npadding-bottom:0;\n}\nbody .av-special-heading.av-av_heading-18d53aeaff8e092a716809947b9576a1 .av-special-heading-tag .heading-char{\nfont-size:25px;\n}\n.av-special-heading.av-av_heading-18d53aeaff8e092a716809947b9576a1 .av-subheading{\nfont-size:15px;\n}\n<\/style>\n<div  class='av-special-heading av-av_heading-18d53aeaff8e092a716809947b9576a1 av-special-heading-h2 blockquote modern-quote modern-centered  avia-builder-el-20  avia-builder-el-no-sibling '><h2 class='av-special-heading-tag '  itemprop=\"headline\"  >Filosof\u00eda<\/h2><div class=\"special-heading-border\"><div class=\"special-heading-inner-border\"><\/div><\/div><\/div><\/div><\/div><!--close column table wrapper. Autoclose: 1 --><\/div><\/div><\/div><!-- close content main div --><\/div><div class='av-extra-border-element border-extra-arrow-down'><div class='av-extra-border-outer'><div class='av-extra-border-inner'><\/div><\/div><\/div><\/div><div id='av_section_5'  class='avia-section av-av_section-2f8a4d5d3ebd9c637093dc8e14b646e9 main_color avia-section-default avia-no-border-styling  avia-builder-el-21  el_after_av_section  avia-builder-el-last  avia-bg-style-scroll container_wrap sidebar_right'  ><div class='container av-section-cont-open' ><div class='template-page content  av-content-small alpha units'><div class='post-entry post-entry-type-page post-entry-4883'><div class='entry-content-wrapper clearfix'>\n<div class='flex_column_table av-av_one_half-bb0c93372dbfdfd42698443400a42550 sc-av_one_half av-equal-height-column-flextable'><div  class='flex_column av-av_one_half-bb0c93372dbfdfd42698443400a42550 av_one_half  avia-builder-el-22  el_before_av_one_half  avia-builder-el-first  no_margin flex_column_table_cell av-equal-height-column av-align-middle  '     ><div id='av-masonry-1' class='av-masonry av-av_masonry_gallery-c8b9dcdfcffa8466aa60afa160f9a78d noHover av-fixed-size av-1px-gap av-hover-overlay-active av-masonry-animation-active av-masonry-col-2 av-caption-always av-caption-style- av-masonry-gallery ' data-post_id=\"4883\"><div class=\"av-masonry-container isotope av-js-disabled\"><div class='av-masonry-entry isotope-item av-masonry-item-no-image '><\/div><a href=\"https:\/\/rms.tmu.edu.tw\/wp-content\/uploads\/2019\/01\/tmu05-1030x687.jpg\" data-srcset=\"https:\/\/rms.tmu.edu.tw\/wp-content\/uploads\/2019\/01\/tmu05-1030x687.jpg 1030w, https:\/\/rms.tmu.edu.tw\/wp-content\/uploads\/2019\/01\/tmu05-300x200.jpg 300w, https:\/\/rms.tmu.edu.tw\/wp-content\/uploads\/2019\/01\/tmu05-768x512.jpg 768w, https:\/\/rms.tmu.edu.tw\/wp-content\/uploads\/2019\/01\/tmu05.jpg 1500w, https:\/\/rms.tmu.edu.tw\/wp-content\/uploads\/2019\/01\/tmu05-705x470.jpg 705w, https:\/\/rms.tmu.edu.tw\/wp-content\/uploads\/2019\/01\/tmu05-450x300.jpg 450w\" data-sizes=\"(max-width: 1030px) 100vw, 1030px\"  aria-label=\"image tmu05\"  id='av-masonry-1-item-4924' data-av-masonry-item='4924' class='av-masonry-entry isotope-item post-4924 attachment type-attachment status-inherit hentry  av-masonry-item-with-image' title=\"tmu05\" alt=\"\"    itemprop=\"thumbnailUrl\" ><div class='av-inner-masonry-sizer'><\/div><figure class='av-inner-masonry main_color'><div class=\"av-masonry-outerimage-container\"><div class='av-masonry-image-container' style=\"background-image: url(https:\/\/rms.tmu.edu.tw\/wp-content\/uploads\/2019\/01\/tmu05-705x470.jpg);\"  title=\"tmu05\" ><\/div><\/div><\/figure><\/a><!--end av-masonry entry--><a href=\"https:\/\/rms.tmu.edu.tw\/wp-content\/uploads\/2019\/01\/dhdjhdjehdjehdj-1030x687.jpg\" data-srcset=\"https:\/\/rms.tmu.edu.tw\/wp-content\/uploads\/2019\/01\/dhdjhdjehdjehdj-1030x687.jpg 1030w, https:\/\/rms.tmu.edu.tw\/wp-content\/uploads\/2019\/01\/dhdjhdjehdjehdj-300x200.jpg 300w, https:\/\/rms.tmu.edu.tw\/wp-content\/uploads\/2019\/01\/dhdjhdjehdjehdj-768x512.jpg 768w, https:\/\/rms.tmu.edu.tw\/wp-content\/uploads\/2019\/01\/dhdjhdjehdjehdj.jpg 1500w, https:\/\/rms.tmu.edu.tw\/wp-content\/uploads\/2019\/01\/dhdjhdjehdjehdj-705x470.jpg 705w, https:\/\/rms.tmu.edu.tw\/wp-content\/uploads\/2019\/01\/dhdjhdjehdjehdj-450x300.jpg 450w\" data-sizes=\"(max-width: 1030px) 100vw, 1030px\"  aria-label=\"image dhdjhdjehdjehdj\"  id='av-masonry-1-item-4884' data-av-masonry-item='4884' class='av-masonry-entry isotope-item post-4884 attachment type-attachment status-inherit hentry  av-masonry-item-with-image' title=\"dhdjhdjehdjehdj\" alt=\"\"    itemprop=\"thumbnailUrl\" ><div class='av-inner-masonry-sizer'><\/div><figure class='av-inner-masonry main_color'><div class=\"av-masonry-outerimage-container\"><div class='av-masonry-image-container' style=\"background-image: url(https:\/\/rms.tmu.edu.tw\/wp-content\/uploads\/2019\/01\/dhdjhdjehdjehdj-705x470.jpg);\"  title=\"dhdjhdjehdjehdj\" ><\/div><\/div><\/figure><\/a><!--end av-masonry entry--><\/div><\/div><\/div><div  class='flex_column av-av_one_half-bb0c93372dbfdfd42698443400a42550 av_one_half  avia-builder-el-24  el_after_av_one_half  avia-builder-el-last  no_margin flex_column_table_cell av-equal-height-column av-align-middle  '     ><section  class='av_textblock_section av-av_textblock-2bd894dbf2e4bf2c4acf98ce4fbf94aa '   itemscope=\"itemscope\" itemtype=\"https:\/\/schema.org\/CreativeWork\" ><div class='avia_textblock'  itemprop=\"text\" ><blockquote>\n<h3>Centro de Medicina Reproductiva, Hospital de la Universidad M\u00e9dica de Taipei<\/h3>\n<\/blockquote>\n<p><span style=\"color: #000000;\"><span lang=\"ZH-TW\">Nuestra filosof\u00eda com\u00fan es \u00abhacer todo lo mejor con amor\u00bb. Con esto en mente, nos dedicamos al trabajo cl\u00ednico en medicina reproductiva. Los miembros de nuestro equipo tambi\u00e9n se han desarrollado a partir del trabajo profesional, ser atento, con paciencia, muy delicado y humano en la filosof\u00eda del trabajo.<\/span><\/span><\/p>\n<p><span style=\"color: #000000;\"><span lang=\"ZH-TW\">Cumpliendo con la filosof\u00eda original y la filosof\u00eda de trabajo, el Centro de Medicina Reproductiva lo llevar\u00e1 a un nivel mas avanzado, utilizando el mejor y m\u00e1s moderno equipo, y un equipo m\u00e9dico especializado y de alto nivel para brindar servicios mejores y m\u00e1s sofisticados. Las parejas que trabajan duro en este camino, obtienen un mejor servicio y quedan embarazadas con m\u00e1s r\u00e1pididez.<\/span><\/span><\/p>\n<\/div><\/section><\/div><\/div><!--close column table wrapper. Autoclose: 1 --><\/div><\/div><\/div><!-- close content main div --><\/div><\/div><div id='after_section_5'  class='main_color av_default_container_wrap container_wrap sidebar_right'  ><div class='container av-section-cont-open' ><div class='template-page content  av-content-small alpha units'><div class='post-entry post-entry-type-page post-entry-4883'><div class='entry-content-wrapper clearfix'><\/p>\n","protected":false},"excerpt":{"rendered":"","protected":false},"author":9,"featured_media":0,"parent":0,"menu_order":0,"comment_status":"closed","ping_status":"closed","template":"","meta":{"footnotes":""},"class_list":["post-4883","page","type-page","status-publish","hentry"],"_links":{"self":[{"href":"https:\/\/rms.tmu.edu.tw\/es\/wp-json\/wp\/v2\/pages\/4883","targetHints":{"allow":["GET"]}}],"collection":[{"href":"https:\/\/rms.tmu.edu.tw\/es\/wp-json\/wp\/v2\/pages"}],"about":[{"href":"https:\/\/rms.tmu.edu.tw\/es\/wp-json\/wp\/v2\/types\/page"}],"author":[{"embeddable":true,"href":"https:\/\/rms.tmu.edu.tw\/es\/wp-json\/wp\/v2\/users\/9"}],"replies":[{"embeddable":true,"href":"https:\/\/rms.tmu.edu.tw\/es\/wp-json\/wp\/v2\/comments?post=4883"}],"version-history":[{"count":5,"href":"https:\/\/rms.tmu.edu.tw\/es\/wp-json\/wp\/v2\/pages\/4883\/revisions"}],"predecessor-version":[{"id":7068,"href":"https:\/\/rms.tmu.edu.tw\/es\/wp-json\/wp\/v2\/pages\/4883\/revisions\/7068"}],"wp:attachment":[{"href":"https:\/\/rms.tmu.edu.tw\/es\/wp-json\/wp\/v2\/media?parent=4883"}],"curies":[{"name":"wp","href":"https:\/\/api.w.org\/{rel}","templated":true}]}}