{"id":4881,"date":"2018-12-28T09:48:26","date_gmt":"2018-12-28T01:48:26","guid":{"rendered":"https:\/\/rms.tmu.edu.tw\/%e9%96%80%e8%a8%ba%e8%b3%87%e8%a8%8a\/"},"modified":"2021-08-12T19:47:12","modified_gmt":"2021-08-12T11:47:12","slug":"informacion-de-oficina","status":"publish","type":"page","link":"https:\/\/rms.tmu.edu.tw\/es\/informacion-de-oficina\/","title":{"rendered":"Informaci\u00f3n de oficina"},"content":{"rendered":"\n<style type=\"text\/css\" data-created_by=\"avia_inline_auto\" id=\"style-css-av-hu9ob5-67d619460410404de5dd0b8c600a4f5c\">\n.avia-section.av-hu9ob5-67d619460410404de5dd0b8c600a4f5c .av-parallax .av-parallax-inner{\nbackground-repeat:no-repeat;\nbackground-image:url(https:\/\/rms.tmu.edu.tw\/wp-content\/uploads\/2018\/12\/banner_center.jpg);\nbackground-position:50% 50%;\nbackground-attachment:scroll;\n}\n.avia-section.av-hu9ob5-67d619460410404de5dd0b8c600a4f5c .av-section-color-overlay{\nopacity:0.3;\nbackground-color:#ffffff;\n}\n<\/style>\n<div id='av_section_1'  class='avia-section av-hu9ob5-67d619460410404de5dd0b8c600a4f5c main_color avia-section-default avia-no-border-styling  avia-builder-el-0  el_before_av_section  avia-builder-el-first  avia-full-stretch av-parallax-section avia-bg-style-parallax av-section-color-overlay-active av-minimum-height av-minimum-height-custom av-height-custom  container_wrap sidebar_right'  data-section-bg-repeat='stretch' data-av_minimum_height_px='400'><div class='av-parallax' data-avia-parallax-ratio='0.3' ><div class='av-parallax-inner main_color avia-full-stretch'><\/div><\/div><div class=\"av-section-color-overlay-wrap\"><div class=\"av-section-color-overlay\"><\/div><div class='container av-section-cont-open' style='height:400px'><main  role=\"main\" itemprop=\"mainContentOfPage\"  class='template-page content  av-content-small alpha units'><div class='post-entry post-entry-type-page post-entry-4881'><div class='entry-content-wrapper clearfix'>\n\n<style type=\"text\/css\" data-created_by=\"avia_inline_auto\" id=\"style-css-av-4vko1k1-92f23849f00e1a8ce54c6d796451c8fe\">\n.flex_column.av-4vko1k1-92f23849f00e1a8ce54c6d796451c8fe{\nborder-radius:0px 0px 0px 0px;\npadding:0px 0px 0px 0px;\n}\n<\/style>\n<div  class='flex_column av-4vko1k1-92f23849f00e1a8ce54c6d796451c8fe av_one_third  avia-builder-el-1  el_before_av_one_third  avia-builder-el-first  flex_column_div av-zero-column-padding  '     ><p>\n<style type=\"text\/css\" data-created_by=\"avia_inline_auto\" id=\"style-css-av-4v2ojdd-83cd0bbf2a990249bae9a6e336e8813a\">\n#top .av-special-heading.av-4v2ojdd-83cd0bbf2a990249bae9a6e336e8813a{\npadding-bottom:0;\n}\nbody .av-special-heading.av-4v2ojdd-83cd0bbf2a990249bae9a6e336e8813a .av-special-heading-tag .heading-char{\nfont-size:25px;\n}\n.av-special-heading.av-4v2ojdd-83cd0bbf2a990249bae9a6e336e8813a .av-subheading{\nfont-size:15px;\n}\n<\/style>\n<div  class='av-special-heading av-4v2ojdd-83cd0bbf2a990249bae9a6e336e8813a av-special-heading-h2 blockquote modern-quote modern-centered  avia-builder-el-2  el_before_av_hr  avia-builder-el-first '><h2 class='av-special-heading-tag '  itemprop=\"headline\"  >Informaci\u00f3n de oficina<\/h2><div class=\"special-heading-border\"><div class=\"special-heading-inner-border\"><\/div><\/div><\/div><br \/>\n\n<style type=\"text\/css\" data-created_by=\"avia_inline_auto\" id=\"style-css-av-4t6ph8h-14d5c9c6a051813273732328f17676c9\">\n#top .hr.av-4t6ph8h-14d5c9c6a051813273732328f17676c9{\nmargin-top:10px;\nmargin-bottom:10px;\n}\n.hr.av-4t6ph8h-14d5c9c6a051813273732328f17676c9 .hr-inner{\nwidth:80%;\nborder-color:#bbbbbb;\n}\n<\/style>\n<div  class='hr av-4t6ph8h-14d5c9c6a051813273732328f17676c9 hr-custom  avia-builder-el-3  el_after_av_heading  el_before_av_textblock  hr-center hr-icon-no'><span class='hr-inner inner-border-av-border-thin'><span class=\"hr-inner-style\"><\/span><\/span><\/div><br \/>\n\n<style type=\"text\/css\" data-created_by=\"avia_inline_auto\" id=\"style-css-av-4rhw1sh-2fe83c333fcd103f0f23276200f4fc78\">\n#top .av_textblock_section.av-4rhw1sh-2fe83c333fcd103f0f23276200f4fc78 .avia_textblock{\nfont-size:18px;\n}\n<\/style>\n<section  class='av_textblock_section av-4rhw1sh-2fe83c333fcd103f0f23276200f4fc78 '   itemscope=\"itemscope\" itemtype=\"https:\/\/schema.org\/CreativeWork\" ><div class='avia_textblock'  itemprop=\"text\" ><\/div><\/section><\/p><\/div>\n<style type=\"text\/css\" data-created_by=\"avia_inline_auto\" id=\"style-css-av-4pc4er5-cb6bb110da35fa4e1eef3d1fecca668f\">\n.flex_column.av-4pc4er5-cb6bb110da35fa4e1eef3d1fecca668f{\nborder-radius:0px 0px 0px 0px;\npadding:0px 0px 0px 0px;\n}\n<\/style>\n<div  class='flex_column av-4pc4er5-cb6bb110da35fa4e1eef3d1fecca668f av_one_third  avia-builder-el-5  el_after_av_one_third  el_before_av_one_third  title flex_column_div av-zero-column-padding  '     ><\/div>\n<style type=\"text\/css\" data-created_by=\"avia_inline_auto\" id=\"style-css-av-4ofe7mp-721bd2ca37bdd520877c6edec9c87fb3\">\n.flex_column.av-4ofe7mp-721bd2ca37bdd520877c6edec9c87fb3{\nborder-radius:0px 0px 0px 0px;\npadding:0px 0px 0px 0px;\n}\n<\/style>\n<div  class='flex_column av-4ofe7mp-721bd2ca37bdd520877c6edec9c87fb3 av_one_third  avia-builder-el-6  el_after_av_one_third  avia-builder-el-last  flex_column_div av-zero-column-padding  '     ><\/div><\/div><\/div><\/main><!-- close content main element --><\/div><\/div><\/div>\n<style type=\"text\/css\" data-created_by=\"avia_inline_auto\" id=\"style-css-av-4md7681-68be0ed66f47f8aeed0b1d57597ee121\">\n.avia-section.av-4md7681-68be0ed66f47f8aeed0b1d57597ee121 .av-extra-border-element .av-extra-border-inner{\nbackground-color:#02542e;\n}\n<\/style>\n<div id='center_specification'  class='avia-section av-4md7681-68be0ed66f47f8aeed0b1d57597ee121 alternate_color avia-section-small avia-no-border-styling  avia-builder-el-7  el_after_av_section  el_before_av_section  avia-bg-style-scroll av-arrow-down-section container_wrap sidebar_right'  ><div class='container av-section-cont-open' ><div class='template-page content  av-content-small alpha units'><div class='post-entry post-entry-type-page post-entry-4881'><div class='entry-content-wrapper clearfix'>\n<div  class='flex_column av-2pgrht-7414061ba79caf3cb715bd04d3e6d435 av_one_full  avia-builder-el-8  avia-builder-el-no-sibling  flex_column_div  '     ><style type=\"text\/css\" data-created_by=\"avia_inline_auto\" id=\"style-css-av-gc60kh-dd7ee16b22c26cf0647aea7d60222185\">\n#top .av-special-heading.av-gc60kh-dd7ee16b22c26cf0647aea7d60222185{\npadding-bottom:0;\n}\nbody .av-special-heading.av-gc60kh-dd7ee16b22c26cf0647aea7d60222185 .av-special-heading-tag .heading-char{\nfont-size:25px;\n}\n.av-special-heading.av-gc60kh-dd7ee16b22c26cf0647aea7d60222185 .av-subheading{\nfont-size:15px;\n}\n\n@media only screen and (max-width: 479px){ \n#top #wrap_all .av-special-heading.av-gc60kh-dd7ee16b22c26cf0647aea7d60222185 .av-special-heading-tag{\nfont-size:22px;\n}\n}\n<\/style>\n<div  class='av-special-heading av-gc60kh-dd7ee16b22c26cf0647aea7d60222185 av-special-heading-h2 blockquote modern-quote modern-centered  avia-builder-el-9  avia-builder-el-no-sibling '><h2 class='av-special-heading-tag '  itemprop=\"headline\"  >Instrucciones para la Cl\u00ednica Privada del Centro de Medicina Reproductiva<\/h2><div class=\"special-heading-border\"><div class=\"special-heading-inner-border\"><\/div><\/div><\/div><\/div>\n<\/p>\n<\/div><\/div><\/div><!-- close content main div --><\/div><div class='av-extra-border-element border-extra-arrow-down'><div class='av-extra-border-outer'><div class='av-extra-border-inner'><\/div><\/div><\/div><\/div><div id='av_section_3'  class='avia-section av-4hgnaht-7d4a18e40837cde13c04bfe9a0917716 main_color avia-section-default avia-no-shadow  avia-builder-el-10  el_after_av_section  el_before_av_section  avia-bg-style-scroll container_wrap sidebar_right'  ><div class='container av-section-cont-open' ><div class='template-page content  av-content-small alpha units'><div class='post-entry post-entry-type-page post-entry-4881'><div class='entry-content-wrapper clearfix'>\n\n<style type=\"text\/css\" data-created_by=\"avia_inline_auto\" id=\"style-css-av-4getept-6048284bbd636035ca28dc225d54f358\">\n.flex_column.av-4getept-6048284bbd636035ca28dc225d54f358{\nborder-radius:0px 0px 0px 0px;\npadding:0px 0px 0px 0px;\n}\n<\/style>\n<div  class='flex_column av-4getept-6048284bbd636035ca28dc225d54f358 av_one_fifth  avia-builder-el-11  el_before_av_three_fifth  avia-builder-el-first  first flex_column_div av-zero-column-padding  '     ><\/div>\n<style type=\"text\/css\" data-created_by=\"avia_inline_auto\" id=\"style-css-av-ks8ureq1-f35619f051f702ef60a7f0d0c16cfb11\">\n.flex_column.av-ks8ureq1-f35619f051f702ef60a7f0d0c16cfb11{\nborder-radius:0px 0px 0px 0px;\npadding:0px 0px 0px 0px;\n}\n<\/style>\n<div  class='flex_column av-ks8ureq1-f35619f051f702ef60a7f0d0c16cfb11 av_three_fifth  avia-builder-el-12  el_after_av_one_fifth  el_before_av_one_fifth  flex_column_div av-animated-generic bottom-to-top av-zero-column-padding  '     ><section  class='av_textblock_section av-4drfc69-c15837232f96adbd5b6e6493c85e0d93 '   itemscope=\"itemscope\" itemtype=\"https:\/\/schema.org\/CreativeWork\" ><div class='avia_textblock'  itemprop=\"text\" ><ol>\n<li>Nuestra cl\u00ednica privada es abierto preligiadamente para aquellos que han ingresado al curso de tratamiento reproductivo artificial (se requiere el registro de matrimonio para ingresar al curso de tratamiento). La cl\u00ednica privada para pacientes externos adopta el sistema de citas telef\u00f3nicas. No se acepta el registro frente de la recepcion.<\/li>\n<li>Para la evaluacion inicial en este hospital o para entrar en el tratamiento reproductivo artificial, utilice el sistema de registro en l\u00ednea del Hospital de la Universidad M\u00e9dica de Taipei el dia 2 al 4 del flujo de menstruacion o reg\u00edstrese en el sitio para la cl\u00ednica de obstetricia y ginecolog\u00eda en el piso 2 (formulario para pacientes: Consulte el Registro m\u00e9dico de Internet del Hospital de la Universidad M\u00e9dica de Taipei http:\/\/www.tmuh.org.tw\/tmuh_web\/); si el per\u00edodo menstrual (dias 2 al 4 del flujo menstrual) no cumple con el horario de las cl\u00ednicas de obstetricia y ginecolog\u00eda en el piso 2 del correspodiente doctor, llame al centro de medicina reproductiva para que lo ayude individualmente.<\/li>\n<li>El horario de atenci\u00f3n de la cl\u00ednica privada en el piso 5 de nuestro centro es el siguiente, para evitar afectar el progreso del tratamiento registre al centro de medicina reproductiva en el tiempo prescrito:<\/li>\n<\/ol>\n<\/div><\/section><br \/>\n<div class='avia-data-table-wrap av-4c7jt1t-7aabf40dad3bcc007e25788dbdb005ff avia_scrollable_table avia-table-1'><table  class='avia-table avia-data-table avia_pricing_default  avia-builder-el-14  el_after_av_textblock  el_before_av_textblock '  itemscope=\"itemscope\" itemtype=\"https:\/\/schema.org\/Table\" ><tbody><tr class='avia-heading-row'><th class='avia-center-col'><\/th><th class='avia-center-col'>Lunes<\/th><th class='avia-center-col'>Martes<\/th><th class='avia-center-col'>Miercoles<\/th><th class='avia-center-col'>Jueves<\/th><th class='avia-center-col'>Viernes<\/th><th class='avia-center-col'>Sabado<\/th><\/tr><tr class=''><td class='avia-center-col'>\u4e0a\u5348<br \/>\n8:00-<br \/>\n12:00<\/td><td class='avia-center-col'>\u9673\u555f\u714c3<br \/>\n\u738b\u5448\u744b1<br \/>\n\u4ec7\u601d\u6e905<\/td><td class='avia-center-col'>\u9673\u555f\u714c3<br \/>\n\u738b\u5448\u744b7<br \/>\n\u4ec7\u601d\u6e905<\/td><td class='avia-center-col'>\u9673\u555f\u714c3<br \/>\n\u738b\u5448\u744b1<br \/>\n\u4ec7\u601d\u6e905<\/td><td class='avia-center-col'>\u9673\u555f\u714c3<br \/>\n\u738b\u5448\u744b2<br \/>\n\u4ec7\u601d\u6e905<\/td><td class='avia-center-col'>\u9673\u555f\u714c3<br \/>\n\u4ec7\u601d\u6e905<\/td><td class='avia-center-col'>\u9673\u555f\u714c3<br \/>\n\u738b\u5448\u744b1<br \/>\n\u4ec7\u601d\u6e905<\/td><\/tr><tr class=''><td class='avia-center-col'>\u4e0b\u5348<br \/>\n13:00-<br \/>\n17:00<\/td><td class='avia-center-col'>\u5f35\u7fca\u60694<br \/>\n\u76e7\u67cf\u560910<\/td><td class='avia-center-col'>\u738b\u5448\u744b7<br \/>\n\u5f35\u7fca\u60694<br \/>\n\u76e7\u67cf\u560910<\/td><td class='avia-center-col'>\u5f35\u7fca\u60694<br \/>\n\u76e7\u67cf\u560910<\/td><td class='avia-center-col'><\/td><td class='avia-center-col'>\u738b\u5448\u744b1<br \/>\n\u5f35\u7fca\u60694<br \/>\n\u76e7\u67cf\u560910<br \/>\n<\/td><td class='avia-center-col'>&#8211;<\/td><\/tr><\/tbody><\/table><\/div><br \/>\n<section  class='av_textblock_section av-36kjopt-4bd12081a56f5871ea0e0f4cb924768b '   itemscope=\"itemscope\" itemtype=\"https:\/\/schema.org\/CreativeWork\" ><div class='avia_textblock'  itemprop=\"text\" ><ul>\n<li>Nota 1: Sesion de ma\u00f1ana : complete la examinacion de sangre y el registro antes de las 10:30 de la ma\u00f1ana ; sesion de la tarde: complete el registro antes de las 15:30 de la tarde.<\/li>\n<li>Nota 2: Para el regreso de la secion de doctores en la ma\u00f1ana. Si se necesita examinar sangre y tener el resultado en el mismo d\u00eda, el proceso de la examinacion de sangre debe completarse antes de las 7: 00-8: 30 de la ma\u00f1ana para poder ver las informaciones sin problemas.<\/li>\n<\/ul>\n<\/div><\/section><br \/>\n<section  class='av_textblock_section av-35sd0xt-0d9e3504e14186ec717e7a1ca776f37b '   itemscope=\"itemscope\" itemtype=\"https:\/\/schema.org\/CreativeWork\" ><div class='avia_textblock'  itemprop=\"text\" ><p>4. Si desea cancelar o cambiar la fecha de la cita, llame al Centro de Medicina Reproductiva con anticipaci\u00f3n para evitar afectar sus derechos.<\/p>\n<p>5. Si la paciente tiene m\u00e1s de 8 semanas de embarazo, dir\u00edjase al departamento de obstetricia e ginecolog\u00eda en el piso 2, y si durante este tiempo presenta abnormalidades como sangre por vagina, dir\u00edjase al departamento de emergencias.<\/p>\n<\/div><\/section><\/p><\/div>\n<style type=\"text\/css\" data-created_by=\"avia_inline_auto\" id=\"style-css-av-33bx30x-981ff1cddeed0c86ccace6b77b43fb25\">\n.flex_column.av-33bx30x-981ff1cddeed0c86ccace6b77b43fb25{\nborder-radius:0px 0px 0px 0px;\npadding:0px 0px 0px 0px;\n}\n<\/style>\n<div  class='flex_column av-33bx30x-981ff1cddeed0c86ccace6b77b43fb25 av_one_fifth  avia-builder-el-17  el_after_av_three_fifth  avia-builder-el-last  flex_column_div av-zero-column-padding  '     ><\/div>\n\n<\/div><\/div><\/div><!-- close content main div --><\/div><\/div>\n<style type=\"text\/css\" data-created_by=\"avia_inline_auto\" id=\"style-css-av-32n15xt-7485b002fb5a28d9c022b8e37bda2b81\">\n.avia-section.av-32n15xt-7485b002fb5a28d9c022b8e37bda2b81 .av-extra-border-element .av-extra-border-inner{\nbackground-color:#02542e;\n}\n<\/style>\n<div id='center_form'  class='avia-section av-32n15xt-7485b002fb5a28d9c022b8e37bda2b81 alternate_color avia-section-small avia-no-border-styling  avia-builder-el-18  el_after_av_section  el_before_av_section  avia-bg-style-scroll av-arrow-down-section container_wrap sidebar_right'  ><div class='container av-section-cont-open' ><div class='template-page content  av-content-small alpha units'><div class='post-entry post-entry-type-page post-entry-4881'><div class='entry-content-wrapper clearfix'>\n\n<style type=\"text\/css\" data-created_by=\"avia_inline_auto\" id=\"style-css-av-ks8urjy9-e406c545ccf4755429794a3a78139963\">\n.flex_column.av-ks8urjy9-e406c545ccf4755429794a3a78139963{\nborder-radius:0px 0px 0px 0px;\npadding:10px 10px 10px 10px;\n}\n<\/style>\n<div  class='flex_column av-ks8urjy9-e406c545ccf4755429794a3a78139963 av_one_full  avia-builder-el-19  avia-builder-el-no-sibling  first flex_column_div  '     ><style type=\"text\/css\" data-created_by=\"avia_inline_auto\" id=\"style-css-av-30qqbf5-51f436df87f5c70ff8c7d14fef374785\">\n#top .av-special-heading.av-30qqbf5-51f436df87f5c70ff8c7d14fef374785{\npadding-bottom:0;\n}\nbody .av-special-heading.av-30qqbf5-51f436df87f5c70ff8c7d14fef374785 .av-special-heading-tag .heading-char{\nfont-size:25px;\n}\n.av-special-heading.av-30qqbf5-51f436df87f5c70ff8c7d14fef374785 .av-subheading{\nfont-size:15px;\n}\n<\/style>\n<div  class='av-special-heading av-30qqbf5-51f436df87f5c70ff8c7d14fef374785 av-special-heading-h2 blockquote modern-quote modern-centered  avia-builder-el-20  avia-builder-el-no-sibling '><h2 class='av-special-heading-tag '  itemprop=\"headline\"  >Cl\u00ednica de medicina reproductiva<\/h2><div class=\"special-heading-border\"><div class=\"special-heading-inner-border\"><\/div><\/div><\/div><\/div>\n\n<\/div><\/div><\/div><!-- close content main div --><\/div><div class='av-extra-border-element border-extra-arrow-down'><div class='av-extra-border-outer'><div class='av-extra-border-inner'><\/div><\/div><\/div><\/div><div id='av_section_5'  class='avia-section av-2yw61zl-2d7a3dcd6e91f9eedcbde8600ad3c5fd main_color avia-section-default avia-no-border-styling  avia-builder-el-21  el_after_av_section  el_before_av_section  avia-bg-style-scroll container_wrap sidebar_right'  ><div class='container av-section-cont-open' ><div class='template-page content  av-content-small alpha units'><div class='post-entry post-entry-type-page post-entry-4881'><div class='entry-content-wrapper clearfix'>\n\n<style type=\"text\/css\" data-created_by=\"avia_inline_auto\" id=\"style-css-av-ks8urnrr-44f0a12c70dd747911e7de8d684430f6\">\n.flex_column.av-ks8urnrr-44f0a12c70dd747911e7de8d684430f6{\nborder-radius:0px 0px 0px 0px;\npadding:0px 0px 0px 0px;\n}\n<\/style>\n<div  class='flex_column av-ks8urnrr-44f0a12c70dd747911e7de8d684430f6 av_one_third  avia-builder-el-22  el_before_av_two_third  avia-builder-el-first  first flex_column_div av-zero-column-padding  '     ><section  class='av_textblock_section av-2wwngsx-ab912184accf0e22bdaf63f3f6e8847b '   itemscope=\"itemscope\" itemtype=\"https:\/\/schema.org\/CreativeWork\" ><div class='avia_textblock'  itemprop=\"text\" ><blockquote>\n<p>Cl\u00ednica de medicina reproductiva piso 2<\/p>\n<\/blockquote>\n<\/div><\/section><br \/>\n\n<style type=\"text\/css\" data-created_by=\"avia_inline_auto\" id=\"style-css-av-2vgg6hd-020ef6be67f2ed32aa72bd1ff641fa14\">\n#top .hr.hr-invisible.av-2vgg6hd-020ef6be67f2ed32aa72bd1ff641fa14{\nheight:30px;\n}\n<\/style>\n<div  class='hr av-2vgg6hd-020ef6be67f2ed32aa72bd1ff641fa14 hr-invisible  avia-builder-el-24  el_after_av_textblock  el_before_av_textblock  av-small-hide av-mini-hide'><span class='hr-inner '><span class=\"hr-inner-style\"><\/span><\/span><\/div><br \/>\n<section  class='av_textblock_section av-2tqa3ht-f390c397c572d8a441bd374b7ca962ab '   itemscope=\"itemscope\" itemtype=\"https:\/\/schema.org\/CreativeWork\" ><div class='avia_textblock'  itemprop=\"text\" ><p>Primera cita por favor haga su cita Cl\u00ednica de Medicina Reproductiva piso 2 en este sitio:<br \/>\n<a href=\"https:\/\/www.tmuh.org.tw\/service\/regist\/054\" target=\"_blank\" rel=\"noopener\">https:\/\/www.tmuh.org.tw\/service\/regist\/054<\/a><\/p>\n<\/div><\/section><\/p><\/div>\n<style type=\"text\/css\" data-created_by=\"avia_inline_auto\" id=\"style-css-av-ks8urq02-601e7995ee0ed53049f6b2708c087043\">\n.flex_column.av-ks8urq02-601e7995ee0ed53049f6b2708c087043{\nborder-radius:0px 0px 0px 0px;\npadding:0px 0px 0px 0px;\n}\n<\/style>\n<div  class='flex_column av-ks8urq02-601e7995ee0ed53049f6b2708c087043 av_two_third  avia-builder-el-26  el_after_av_one_third  avia-builder-el-last  flex_column_div av-animated-generic right-to-left av-zero-column-padding  '     ><div class='avia-data-table-wrap av-2sixixt-03a0d7e1a8a304dd6629125cd6e61069 avia_scrollable_table avia-table-2'><table  class='avia-table avia-data-table avia_pricing_default  avia-builder-el-27  avia-builder-el-no-sibling '  itemscope=\"itemscope\" itemtype=\"https:\/\/schema.org\/Table\" ><tbody><tr class='avia-heading-row'><th class='avia-center-col'><\/th><th class='avia-center-col'>LUNES<\/th><th class='avia-center-col'>MARTES<\/th><th class='avia-center-col'>MIERCOLES <\/th><th class='avia-center-col'>JUEVES<\/th><th class='avia-center-col'>VIERNES<\/th><th class='avia-center-col'>SABADO<\/th><\/tr><tr class=''><td class='avia-center-col'>\u4e0a\u5348<br \/>\n8:00-<br \/>\n12:00<\/td><td class='avia-center-col'>\u4ec7\u601d\u6e90<br \/>\n20A<\/td><td class='avia-center-col'><\/td><td class='avia-center-col'><\/td><td class='avia-center-col'><\/td><td class='avia-center-col'>\u738b\u5448\u744b<br \/>\n17A<br \/>\n\u4ec7\u601d\u6e90<br \/>\n19A<\/td><td class='avia-center-col'>\u738b\u5448\u744b<br \/>\n17A<br \/>\n(\u96d9\u9031)<\/td><\/tr><tr class=''><td class='avia-center-col'>\u4e0b\u5348<br \/>\n13:30-<br \/>\n<\/td><td class='avia-center-col'>\u738b\u5448\u744b<br \/>\n19A<\/td><td class='avia-center-col'>\u9673\u555f\u714c<br \/>\n19A<\/td><td class='avia-center-col'><\/td><td class='avia-center-col'>\u9673\u555f\u714c<br \/>\n19A<\/td><td class='avia-center-col'><\/td><td class='avia-center-col'>&#8211;<\/td><\/tr><tr class=''><td class='avia-center-col'>\u665a\u4e0a<br \/>\n18:00-<\/td><td class='avia-center-col'>\u9673\u555f\u714c<br \/>\n19A<br \/>\n<\/td><td class='avia-center-col'>\u738b\u5448\u744b<br \/>\n20A<\/td><td class='avia-center-col'>\u76e7\u67cf\u5609<br \/>\n20A<br \/>\n<\/td><td class='avia-center-col'>\u5f35\u7fca\u6069<br \/>\n18A<\/td><td class='avia-center-col'><\/td><td class='avia-center-col'>&#8211;<\/td><\/tr><\/tbody><\/table><\/div><\/div>\n\n<\/div><\/div><\/div><!-- close content main div --><\/div><\/div>\n<style type=\"text\/css\" data-created_by=\"avia_inline_auto\" id=\"style-css-av-19900bl-2065888c1986f0c76a521e0de7348409\">\n.avia-section.av-19900bl-2065888c1986f0c76a521e0de7348409{\nbackground-color:#f8f8f8;\nbackground-image:unset;\n}\n<\/style>\n<div id='av_section_6'  class='avia-section av-19900bl-2065888c1986f0c76a521e0de7348409 main_color avia-section-default avia-no-border-styling  avia-builder-el-28  el_after_av_section  avia-builder-el-last  avia-bg-style-scroll container_wrap sidebar_right'  ><div class='container av-section-cont-open' ><div class='template-page content  av-content-small alpha units'><div class='post-entry post-entry-type-page post-entry-4881'><div class='entry-content-wrapper clearfix'>\n\n<style type=\"text\/css\" data-created_by=\"avia_inline_auto\" id=\"style-css-av-ks8urrrc-6c91027fb734a7c324c8183db3fecc97\">\n.flex_column.av-ks8urrrc-6c91027fb734a7c324c8183db3fecc97{\nborder-radius:0px 0px 0px 0px;\npadding:0px 0px 0px 0px;\n}\n<\/style>\n<div  class='flex_column av-ks8urrrc-6c91027fb734a7c324c8183db3fecc97 av_one_third  avia-builder-el-29  el_before_av_two_third  avia-builder-el-first  first flex_column_div av-zero-column-padding  '     ><section  class='av_textblock_section av-18kivn5-163f2ad53eceb5d1d964ae6327153f44 '   itemscope=\"itemscope\" itemtype=\"https:\/\/schema.org\/CreativeWork\" ><div class='avia_textblock'  itemprop=\"text\" ><blockquote>\n<p>Centro de Medicina Reproductiva piso 5<\/p>\n<\/blockquote>\n<\/div><\/section><\/div>\n<style type=\"text\/css\" data-created_by=\"avia_inline_auto\" id=\"style-css-av-ks8urt49-7dcdff7ae5b04f4a67178438f5c48000\">\n.flex_column.av-ks8urt49-7dcdff7ae5b04f4a67178438f5c48000{\nborder-radius:0px 0px 0px 0px;\npadding:0px 0px 0px 0px;\n}\n<\/style>\n<div  class='flex_column av-ks8urt49-7dcdff7ae5b04f4a67178438f5c48000 av_two_third  avia-builder-el-31  el_after_av_one_third  avia-builder-el-last  flex_column_div av-animated-generic right-to-left av-zero-column-padding  '     ><div class='avia-data-table-wrap av-15ujsc1-634d4fcac287744d6f225861d9e96ce7 avia_scrollable_table avia-table-3'><table  class='avia-table avia-data-table avia_pricing_default  avia-builder-el-32  avia-builder-el-no-sibling '  itemscope=\"itemscope\" itemtype=\"https:\/\/schema.org\/Table\" ><tbody><tr class='avia-heading-row'><th class='avia-center-col'><\/th><th class='avia-center-col'>Lunes<\/th><th class='avia-center-col'>Martes<\/th><th class='avia-center-col'>Miercoles<\/th><th class='avia-center-col'>Jueves<\/th><th class='avia-center-col'>Viernes<\/th><th class='avia-center-col'>Sabado<\/th><\/tr><tr class=''><td class='avia-center-col'>\u4e0a\u5348<br \/>\n8:00-<br \/>\n12:00<\/td><td class='avia-center-col'>\u9673\u555f\u714c3<br \/>\n\u738b\u5448\u744b1<br \/>\n\u4ec7\u601d\u6e905<\/td><td class='avia-center-col'>\u9673\u555f\u714c3<br \/>\n\u738b\u5448\u744b7<br \/>\n\u4ec7\u601d\u6e905<\/td><td class='avia-center-col'>\u9673\u555f\u714c3<br \/>\n\u738b\u5448\u744b1<br \/>\n\u4ec7\u601d\u6e905<\/td><td class='avia-center-col'>\u9673\u555f\u714c3<br \/>\n\u738b\u5448\u744b2<br \/>\n\u4ec7\u601d\u6e905<\/td><td class='avia-center-col'>\u9673\u555f\u714c3<br \/>\n\u4ec7\u601d\u6e905<\/td><td class='avia-center-col'>\u9673\u555f\u714c3<br \/>\n\u738b\u5448\u744b1<br \/>\n\u4ec7\u601d\u6e905<\/td><\/tr><tr class=''><td class='avia-center-col'>\u4e0b\u5348<br \/>\n13:00-<br \/>\n17:00<\/td><td class='avia-center-col'>\u5f35\u7fca\u60694<br \/>\n\u76e7\u67cf\u560910<\/td><td class='avia-center-col'>\u738b\u5448\u744b7<br \/>\n\u5f35\u7fca\u60694<br \/>\n\u76e7\u67cf\u560910<\/td><td class='avia-center-col'>\u5f35\u7fca\u60694<br \/>\n\u76e7\u67cf\u560910<\/td><td class='avia-center-col'><\/td><td class='avia-center-col'>\u738b\u5448\u744b1<br \/>\n\u5f35\u7fca\u60694<br \/>\n\u76e7\u67cf\u560910<br \/>\n<\/td><td class='avia-center-col'>&#8211;<\/td><\/tr><\/tbody><\/table><\/div><\/div>\n<\/div><\/div><\/div><!-- close content main div --><\/div><\/div><div id='after_section_6'  class='main_color av_default_container_wrap container_wrap sidebar_right'  ><div class='container av-section-cont-open' ><div class='template-page content  av-content-small alpha units'><div class='post-entry post-entry-type-page post-entry-4881'><div class='entry-content-wrapper clearfix'>\n","protected":false},"excerpt":{"rendered":"","protected":false},"author":6,"featured_media":0,"parent":0,"menu_order":0,"comment_status":"closed","ping_status":"closed","template":"","meta":{"footnotes":""},"class_list":["post-4881","page","type-page","status-publish","hentry"],"_links":{"self":[{"href":"https:\/\/rms.tmu.edu.tw\/es\/wp-json\/wp\/v2\/pages\/4881","targetHints":{"allow":["GET"]}}],"collection":[{"href":"https:\/\/rms.tmu.edu.tw\/es\/wp-json\/wp\/v2\/pages"}],"about":[{"href":"https:\/\/rms.tmu.edu.tw\/es\/wp-json\/wp\/v2\/types\/page"}],"author":[{"embeddable":true,"href":"https:\/\/rms.tmu.edu.tw\/es\/wp-json\/wp\/v2\/users\/6"}],"replies":[{"embeddable":true,"href":"https:\/\/rms.tmu.edu.tw\/es\/wp-json\/wp\/v2\/comments?post=4881"}],"version-history":[{"count":5,"href":"https:\/\/rms.tmu.edu.tw\/es\/wp-json\/wp\/v2\/pages\/4881\/revisions"}],"predecessor-version":[{"id":7077,"href":"https:\/\/rms.tmu.edu.tw\/es\/wp-json\/wp\/v2\/pages\/4881\/revisions\/7077"}],"wp:attachment":[{"href":"https:\/\/rms.tmu.edu.tw\/es\/wp-json\/wp\/v2\/media?parent=4881"}],"curies":[{"name":"wp","href":"https:\/\/api.w.org\/{rel}","templated":true}]}}