{"id":4873,"date":"2018-12-28T09:47:48","date_gmt":"2018-12-28T01:47:48","guid":{"rendered":"https:\/\/rms.tmu.edu.tw\/%e7%99%82%e7%a8%8b%e8%aa%aa%e6%98%8e\/%e6%9c%8d%e5%8b%99%e9%a0%85%e7%9b%ae\/"},"modified":"2021-08-12T19:45:41","modified_gmt":"2021-08-12T11:45:41","slug":"%e6%9c%8d%e5%8b%99%e9%a0%85%e7%9b%ae","status":"publish","type":"page","link":"https:\/\/rms.tmu.edu.tw\/es\/descripcion-del-tratamiento\/%e6%9c%8d%e5%8b%99%e9%a0%85%e7%9b%ae\/","title":{"rendered":"Descripci\u00f3n del tratamiento"},"content":{"rendered":"\n<style type=\"text\/css\" data-created_by=\"avia_inline_auto\" id=\"style-css-av-av_section-62388eea5ccbbf4a4218bbcc9cf6b6cf\">\n.avia-section.av-av_section-62388eea5ccbbf4a4218bbcc9cf6b6cf .av-parallax .av-parallax-inner{\nbackground-repeat:no-repeat;\nbackground-image:url(https:\/\/rms.tmu.edu.tw\/wp-content\/uploads\/2018\/12\/021.jpg);\nbackground-position:50% 50%;\nbackground-attachment:scroll;\n}\n.avia-section.av-av_section-62388eea5ccbbf4a4218bbcc9cf6b6cf .av-section-color-overlay{\nopacity:0.3;\nbackground-color:#ffffff;\n}\n<\/style>\n<div id='av_section_1'  class='avia-section av-av_section-62388eea5ccbbf4a4218bbcc9cf6b6cf main_color avia-section-default avia-no-border-styling  avia-builder-el-0  el_before_av_layout_row  avia-builder-el-first  avia-full-stretch av-parallax-section avia-bg-style-parallax av-section-color-overlay-active av-minimum-height av-minimum-height-custom av-height-custom  container_wrap sidebar_right'  data-section-bg-repeat='stretch' data-av_minimum_height_px='400'><div class='av-parallax' data-avia-parallax-ratio='0.3' ><div class='av-parallax-inner main_color avia-full-stretch'><\/div><\/div><div class=\"av-section-color-overlay-wrap\"><div class=\"av-section-color-overlay\"><\/div><div class='container av-section-cont-open' style='height:400px'><main  role=\"main\" itemprop=\"mainContentOfPage\"  class='template-page content  av-content-small alpha units'><div class='post-entry post-entry-type-page post-entry-4873'><div class='entry-content-wrapper clearfix'>\n\n<style type=\"text\/css\" data-created_by=\"avia_inline_auto\" id=\"style-css-av-ks8uu3im-9c540ad1577213bd525b21f60e8a371b\">\n.flex_column.av-ks8uu3im-9c540ad1577213bd525b21f60e8a371b{\nborder-radius:40px 40px 40px 40px;\npadding:40px 40px 40px 40px;\nbackground-color:rgba(255,255,255,0.75);\n}\n<\/style>\n<div  class='flex_column av-ks8uu3im-9c540ad1577213bd525b21f60e8a371b av_one_third  avia-builder-el-1  el_before_av_one_third  avia-builder-el-first  banner_title first flex_column_div av-animated-generic fade-in  '     ><p>\n<style type=\"text\/css\" data-created_by=\"avia_inline_auto\" id=\"style-css-av-av_heading-6190563796e7607b148df1d23233551d\">\n#top .av-special-heading.av-av_heading-6190563796e7607b148df1d23233551d{\npadding-bottom:0;\n}\nbody .av-special-heading.av-av_heading-6190563796e7607b148df1d23233551d .av-special-heading-tag .heading-char{\nfont-size:25px;\n}\n.av-special-heading.av-av_heading-6190563796e7607b148df1d23233551d .av-subheading{\nfont-size:15px;\n}\n<\/style>\n<div  class='av-special-heading av-av_heading-6190563796e7607b148df1d23233551d av-special-heading-h2 blockquote modern-quote modern-centered  avia-builder-el-2  el_before_av_hr  avia-builder-el-first '><h2 class='av-special-heading-tag '  itemprop=\"headline\"  >Descripci\u00f3n del tratamiento<\/h2><div class=\"special-heading-border\"><div class=\"special-heading-inner-border\"><\/div><\/div><\/div><br \/>\n\n<style type=\"text\/css\" data-created_by=\"avia_inline_auto\" id=\"style-css-av-av_hr-95990da6877a02e1f0084c337901a43e\">\n#top .hr.av-av_hr-95990da6877a02e1f0084c337901a43e{\nmargin-top:10px;\nmargin-bottom:10px;\n}\n.hr.av-av_hr-95990da6877a02e1f0084c337901a43e .hr-inner{\nwidth:80%;\nborder-color:#bbbbbb;\n}\n<\/style>\n<div  class='hr av-av_hr-95990da6877a02e1f0084c337901a43e hr-custom  avia-builder-el-3  el_after_av_heading  el_before_av_textblock  hr-center hr-icon-no'><span class='hr-inner inner-border-av-border-thin'><span class=\"hr-inner-style\"><\/span><\/span><\/div><br \/>\n\n<style type=\"text\/css\" data-created_by=\"avia_inline_auto\" id=\"style-css-av-av_textblock-2510ccadb0238e5172772406e6ad17c6\">\n#top .av_textblock_section.av-av_textblock-2510ccadb0238e5172772406e6ad17c6 .avia_textblock{\nfont-size:18px;\n}\n<\/style>\n<section  class='av_textblock_section av-av_textblock-2510ccadb0238e5172772406e6ad17c6 '   itemscope=\"itemscope\" itemtype=\"https:\/\/schema.org\/CreativeWork\" ><div class='avia_textblock'  itemprop=\"text\" ><\/div><\/section><\/p><\/div>\n<style type=\"text\/css\" data-created_by=\"avia_inline_auto\" id=\"style-css-av-av_one_third-74b1179ac355c64b0e8161869e71b179\">\n.flex_column.av-av_one_third-74b1179ac355c64b0e8161869e71b179{\nborder-radius:0px 0px 0px 0px;\npadding:0px 0px 0px 0px;\n}\n<\/style>\n<div  class='flex_column av-av_one_third-74b1179ac355c64b0e8161869e71b179 av_one_third  avia-builder-el-5  el_after_av_one_third  el_before_av_one_third  title flex_column_div av-zero-column-padding  '     ><\/div>\n<style type=\"text\/css\" data-created_by=\"avia_inline_auto\" id=\"style-css-av-av_one_third-c8fc129dc35fd1ae2a1e410224d39ea8\">\n.flex_column.av-av_one_third-c8fc129dc35fd1ae2a1e410224d39ea8{\nborder-radius:0px 0px 0px 0px;\npadding:0px 0px 0px 0px;\n}\n<\/style>\n<div  class='flex_column av-av_one_third-c8fc129dc35fd1ae2a1e410224d39ea8 av_one_third  avia-builder-el-6  el_after_av_one_third  avia-builder-el-last  flex_column_div av-zero-column-padding  '     ><\/div><\/div><\/div><\/main><!-- close content main element --><\/div><\/div><\/div><div id='av-layout-grid-1'  class='av-layout-grid-container av-av_layout_row-edf07c93594a85695fda65c20c2393d8 entry-content-wrapper main_color av-flex-cells  avia-builder-el-7  el_after_av_section  el_before_av_section  grid-row-not-first  container_wrap sidebar_right'  >\n\n<style type=\"text\/css\" data-created_by=\"avia_inline_auto\" id=\"style-css-av-av_cell_one_full-de7b7eb16a3110672c5c808794dbf1dc\">\n.flex_cell.av-av_cell_one_full-de7b7eb16a3110672c5c808794dbf1dc{\nvertical-align:top;\n}\n.responsive #top #wrap_all .flex_cell.av-av_cell_one_full-de7b7eb16a3110672c5c808794dbf1dc{\npadding:50px 50px 50px 50px !important;\n}\n<\/style>\n<div class='flex_cell av-av_cell_one_full-de7b7eb16a3110672c5c808794dbf1dc av-gridrow-cell av_one_full no_margin  avia-builder-el-8  avia-builder-el-no-sibling  content-align-top'  ><div class='flex_cell_inner'><div class='flex_column_table av-ks8uu72o-1b6c845056eae7d81201c636635d3da0 sc-av_one_fourth av-equal-height-column-flextable'>\n<style type=\"text\/css\" data-created_by=\"avia_inline_auto\" id=\"style-css-av-ks8uu72o-1b6c845056eae7d81201c636635d3da0\">\n.flex_column.av-ks8uu72o-1b6c845056eae7d81201c636635d3da0{\nborder-radius:30px 30px 30px 30px;\npadding:30px 30px 30px 30px;\nbackground-color:#ebebeb;\n}\n<\/style>\n<div  class='flex_column av-ks8uu72o-1b6c845056eae7d81201c636635d3da0 av_one_fourth  avia-builder-el-9  avia-builder-el-no-sibling  box first flex_column_table_cell av-equal-height-column av-align-top av-animated-generic left-to-right  '     ><p>\n<style type=\"text\/css\" data-created_by=\"avia_inline_auto\" id=\"style-css-av-av_image-b563f8556e232b13ed70d73fabfe82eb\">\n.avia-image-container.av-av_image-b563f8556e232b13ed70d73fabfe82eb img.avia_image{\nbox-shadow:none;\n}\n.avia-image-container.av-av_image-b563f8556e232b13ed70d73fabfe82eb .av-image-caption-overlay-center{\ncolor:#ffffff;\n}\n<\/style>\n<div  class='avia-image-container av-av_image-b563f8556e232b13ed70d73fabfe82eb av-styling- av-hover-grow av-img-linked avia-align-center  avia-builder-el-10  el_before_av_hr  avia-builder-el-first '   itemprop=\"image\" itemscope=\"itemscope\" itemtype=\"https:\/\/schema.org\/ImageObject\" ><div class=\"avia-image-container-inner\"><div class=\"avia-image-overlay-wrap\"><a href=\"\/\u7642\u7a0b\u8aaa\u660e\/\u670d\u52d9\u9805\u76ee\/#baby\" class='avia_image '  aria-label=';lskxjlshxsjkx'><img decoding=\"async\" fetchpriority=\"high\" class='wp-image-5092 avia-img-lazy-loading-not-5092 avia_image ' src=\"https:\/\/rms.tmu.edu.tw\/wp-content\/uploads\/2019\/01\/lskxjlshxsjkx-495x400.jpg\" alt='' title=';lskxjlshxsjkx'  height=\"400\" width=\"495\"  itemprop=\"thumbnailUrl\" srcset=\"https:\/\/rms.tmu.edu.tw\/wp-content\/uploads\/2019\/01\/lskxjlshxsjkx-495x400.jpg 495w, https:\/\/rms.tmu.edu.tw\/wp-content\/uploads\/2019\/01\/lskxjlshxsjkx-845x684.jpg 845w\" sizes=\"(max-width: 495px) 100vw, 495px\" \/><\/a><\/div><\/div><\/div><br \/>\n\n<style type=\"text\/css\" data-created_by=\"avia_inline_auto\" id=\"style-css-av-av_hr-4d97b7ccfc3f2f224fadcc71f6aba5a1\">\n#top .hr.hr-invisible.av-av_hr-4d97b7ccfc3f2f224fadcc71f6aba5a1{\nmargin-top:-30px;\nheight:1px;\n}\n<\/style>\n<div  class='hr av-av_hr-4d97b7ccfc3f2f224fadcc71f6aba5a1 hr-invisible  avia-builder-el-11  el_after_av_image  el_before_av_heading '><span class='hr-inner '><span class=\"hr-inner-style\"><\/span><\/span><\/div><br \/>\n\n<style type=\"text\/css\" data-created_by=\"avia_inline_auto\" id=\"style-css-av-av_heading-c59bb0e414ce396f10448b35fb5ed6a1\">\n#top .av-special-heading.av-av_heading-c59bb0e414ce396f10448b35fb5ed6a1{\npadding-bottom:0;\n}\nbody .av-special-heading.av-av_heading-c59bb0e414ce396f10448b35fb5ed6a1 .av-special-heading-tag .heading-char{\nfont-size:25px;\n}\n.av-special-heading.av-av_heading-c59bb0e414ce396f10448b35fb5ed6a1 .av-subheading{\nfont-size:15px;\n}\n<\/style>\n<div  class='av-special-heading av-av_heading-c59bb0e414ce396f10448b35fb5ed6a1 av-special-heading-h3 blockquote modern-quote modern-centered  avia-builder-el-12  el_after_av_hr  avia-builder-el-last '><h3 class='av-special-heading-tag '  itemprop=\"headline\"  >Tratamiento de Fertilizacion in Vitro<\/h3><div class=\"special-heading-border\"><div class=\"special-heading-inner-border\"><\/div><\/div><\/div><\/p><\/div><\/div><!--close column table wrapper. Autoclose: 1 -->\n<\/div><\/div><\/div>\n<style type=\"text\/css\" data-created_by=\"avia_inline_auto\" id=\"style-css-av-av_section-cf8904e3a1fdcffd6e331d34161021fb\">\n.avia-section.av-av_section-cf8904e3a1fdcffd6e331d34161021fb{\nbackground-color:#f8f8f8;\nbackground-image:unset;\n}\n<\/style>\n<div id='baby'  class='avia-section av-av_section-cf8904e3a1fdcffd6e331d34161021fb main_color avia-section-default avia-no-border-styling  avia-builder-el-13  el_after_av_layout_row  el_before_av_section  avia-bg-style-scroll container_wrap sidebar_right'  ><div class='container av-section-cont-open' ><div class='template-page content  av-content-small alpha units'><div class='post-entry post-entry-type-page post-entry-4873'><div class='entry-content-wrapper clearfix'>\n<section  class='av_textblock_section av-av_textblock-2bd894dbf2e4bf2c4acf98ce4fbf94aa '   itemscope=\"itemscope\" itemtype=\"https:\/\/schema.org\/CreativeWork\" ><div class='avia_textblock'  itemprop=\"text\" ><blockquote>\n<h2>Tratamiento de Fertilizacion in Vitro<\/h2>\n<\/blockquote>\n<\/div><\/section>\n\n<style type=\"text\/css\" data-created_by=\"avia_inline_auto\" id=\"style-css-av-av_hr-75fc6d4076a0133e6cbf59758bc79403\">\n#top .hr.hr-invisible.av-av_hr-75fc6d4076a0133e6cbf59758bc79403{\nmargin-top:-10px;\nheight:1px;\n}\n<\/style>\n<div  class='hr av-av_hr-75fc6d4076a0133e6cbf59758bc79403 hr-invisible  avia-builder-el-15  el_after_av_textblock  el_before_av_one_half '><span class='hr-inner '><span class=\"hr-inner-style\"><\/span><\/span><\/div>\n<div class='flex_column_table av-ks8uuiar-f3d4445651494dac031f8391222240b5 sc-av_one_half av-equal-height-column-flextable'>\n<style type=\"text\/css\" data-created_by=\"avia_inline_auto\" id=\"style-css-av-ks8uuiar-f3d4445651494dac031f8391222240b5\">\n.flex_column.av-ks8uuiar-f3d4445651494dac031f8391222240b5{\nborder-radius:0px 0px 0px 0px;\npadding:0px 0px 0px 0px;\n}\n<\/style>\n<div  class='flex_column av-ks8uuiar-f3d4445651494dac031f8391222240b5 av_one_half  avia-builder-el-16  el_after_av_hr  el_before_av_one_half  first flex_column_table_cell av-equal-height-column av-align-top av-zero-column-padding  '     ><section  class='av_textblock_section av-av_textblock-2bd894dbf2e4bf2c4acf98ce4fbf94aa '   itemscope=\"itemscope\" itemtype=\"https:\/\/schema.org\/CreativeWork\" ><div class='avia_textblock'  itemprop=\"text\" ><p>En t\u00e9rminos generales, todo el proceso de fertizacion in vitro, es decir, la esposa debe comenzar a recibir an\u00e1logo de hormona liberadora de gonadotropina (GnRHa) el d\u00eda 21 del ciclo anterior del ciclo menstrual para bloquear el hipot\u00e1lamo que estimula la gl\u00e1ndula pituitaria, para que no pueda segretar la hormona estimulante gonadal. El tiempo de tratamiento es de aproximadamente 14 a 18 d\u00edas. Luego, despu\u00e9s de decidir ingresar al ciclo menstrual, se usan remedios de ovulaci\u00f3n para estimular los ovarios de la esposa para producir la mayor cantidad de fol\u00edculos, al mismo tiempo, debe usar el ultras\u00f3nido para obasevar el desarrollo de los fol\u00edculos y realizar an\u00e1lisis de sangre para rastrear los cambios en el valor de los estr\u00f3genos en la sangre y determinar cu\u00e1ndo es el mejor momento para recoleccion de los \u00f3vulos.<\/p>\n<p>El di\u00e1metro del fol\u00edculo m\u00e1s peque\u00f1o en el ovario es de solo 0.1 a 0.2 mm, lo que se llama oocitos primordiales. El di\u00e1metro de los fol\u00edculos en la etapa inicial de la menstruaci\u00f3n es de aproximadamente 5 mm. Los fol\u00edculos contin\u00faan creciendo hasta aproximadamente 8 mm de tama\u00f1o, y las hormonas del estrogeno comienzan a aumentar en la secreci\u00f3n. Cuando el di\u00e1metro de los fol\u00edculos aumenta a 15 mm, la secreci\u00f3n de las hormonas del estrogeno aumenta. Una gran cantidad de hormonas del estrogeno har\u00e1 que el hipot\u00e1lamo libere la hormona luteinizante (LuteinizingHormone, LH). ) Para promover el adelgazamiento de los tejidos en la superficie del fol\u00edculo, y luego 36 horas antes de la recolecci\u00f3n de los \u00f3vulos, el paciente debe inyectarse gonadotropina cori\u00f3nica humana (hCG) para prepararse para la recolecci\u00f3n de los \u00f3vulos.<\/p>\n<p>En el d\u00eda de la recolecci\u00f3n de \u00f3vulos, la recolecci\u00f3n de \u00f3vulos se realiz\u00f3 bajo la gu\u00eda del ultrasonido vaginal, y el l\u00edquido folicular se lleva directamente al laboratorio para su tratamiento. Luego, los \u00f3vulos se examinan y se colocan en el nuevo plato de cultivo. El semen del esposo es lavado y examinado. Despu\u00e9s de 2 a 5 d\u00edas de cultivo con los ovulos de su esposa, los ovulos fertilizados se convierten en embriones maduros, que luego se implantan en la cavidad uterina de la esposa. Generalmente, despu\u00e9s de estimular la ovulaci\u00f3n, se estimula los granulocitos y las c\u00e9lulas \u00edntimas que permanecen en la pared de los fol\u00edculos despu\u00e9s de la recoleccion se conviertan en c\u00e9lulas del cuerpo l\u00fateo. El cuerpo l\u00fateo secreta una gran cantidad de hormona (Progesterona, P4) para facilitar la implantaci\u00f3n embrionaria.<\/p>\n<\/div><\/section><\/div><div class='av-flex-placeholder'><\/div>\n<style type=\"text\/css\" data-created_by=\"avia_inline_auto\" id=\"style-css-av-ks8uuk85-ae8eca704a3edcc8f5bf059d45fd983d\">\n.flex_column.av-ks8uuk85-ae8eca704a3edcc8f5bf059d45fd983d{\nborder-radius:50px 50px 50px 50px;\npadding:30px 30px 30px 30px;\nbackground-color:#ffffff;\n}\n<\/style>\n<div  class='flex_column av-ks8uuk85-ae8eca704a3edcc8f5bf059d45fd983d av_one_half  avia-builder-el-18  el_after_av_one_half  avia-builder-el-last  flex_column_table_cell av-equal-height-column av-align-top  '     ><style type=\"text\/css\" data-created_by=\"avia_inline_auto\" id=\"style-css-av-av_image-b3a862c7f7a4a023ef745506aef1effb\">\n.avia-image-container.av-av_image-b3a862c7f7a4a023ef745506aef1effb img.avia_image{\nbox-shadow:none;\n}\n.avia-image-container.av-av_image-b3a862c7f7a4a023ef745506aef1effb .av-image-caption-overlay-center{\ncolor:#ffffff;\n}\n<\/style>\n<div  class='avia-image-container av-av_image-b3a862c7f7a4a023ef745506aef1effb av-styling- avia-align-center  avia-builder-el-19  avia-builder-el-no-sibling '   itemprop=\"image\" itemscope=\"itemscope\" itemtype=\"https:\/\/schema.org\/ImageObject\" ><div class=\"avia-image-container-inner\"><div class=\"avia-image-overlay-wrap\"><img decoding=\"async\" fetchpriority=\"high\" class='wp-image-3918 avia-img-lazy-loading-not-3918 avia_image ' src=\"https:\/\/rms.tmu.edu.tw\/wp-content\/uploads\/2019\/10\/\u5716\u72471-1-1-1-773x1030.png\" alt='' title='\u8a66\u7ba1\u5b30\u5152'  height=\"1030\" width=\"773\"  itemprop=\"thumbnailUrl\" srcset=\"https:\/\/rms.tmu.edu.tw\/wp-content\/uploads\/2019\/10\/\u5716\u72471-1-1-1-773x1030.png 773w, https:\/\/rms.tmu.edu.tw\/wp-content\/uploads\/2019\/10\/\u5716\u72471-1-1-1-150x200.png 150w, https:\/\/rms.tmu.edu.tw\/wp-content\/uploads\/2019\/10\/\u5716\u72471-1-1-1-768x1024.png 768w, https:\/\/rms.tmu.edu.tw\/wp-content\/uploads\/2019\/10\/\u5716\u72471-1-1-1-529x705.png 529w, https:\/\/rms.tmu.edu.tw\/wp-content\/uploads\/2019\/10\/\u5716\u72471-1-1-1-450x600.png 450w, https:\/\/rms.tmu.edu.tw\/wp-content\/uploads\/2019\/10\/\u5716\u72471-1-1-1.png 844w\" sizes=\"(max-width: 773px) 100vw, 773px\" \/><\/div><\/div><\/div><\/div><\/div><!--close column table wrapper. Autoclose: 1 --><\/div><\/div><\/div><!-- close content main div --><\/div><\/div>\n<style type=\"text\/css\" data-created_by=\"avia_inline_auto\" id=\"style-css-av-av_section-8a001e3672a6200fe9679bd6269100c2\">\n.avia-section.av-av_section-8a001e3672a6200fe9679bd6269100c2{\nbackground-repeat:no-repeat;\nbackground-image:url(https:\/\/rms.tmu.edu.tw\/wp-content\/uploads\/2018\/12\/013.jpg);\nbackground-position:50% 50%;\nbackground-attachment:fixed;\n}\n.avia-section.av-av_section-8a001e3672a6200fe9679bd6269100c2 .av-section-color-overlay{\nopacity:0.5;\nbackground-color:#000000;\nbackground-image:url(https:\/\/rms.tmu.edu.tw\/wp-content\/themes\/enfold\/images\/background-images\/ios-linen-dark.png);\nbackground-repeat:repeat;\n}\n<\/style>\n<div id='av_section_3'  class='avia-section av-av_section-8a001e3672a6200fe9679bd6269100c2 main_color avia-section-default avia-no-border-styling  avia-builder-el-20  el_after_av_section  el_before_av_section  av-small-hide av-mini-hide avia-full-stretch avia-bg-style-fixed av-section-color-overlay-active av-minimum-height av-minimum-height-custom av-height-custom  container_wrap sidebar_right'  data-section-bg-repeat='stretch' data-av_minimum_height_px='300'><div class=\"av-section-color-overlay-wrap\"><div class=\"av-section-color-overlay\"><\/div><div class='container av-section-cont-open' style='height:300px'><div class='template-page content  av-content-small alpha units'><div class='post-entry post-entry-type-page post-entry-4873'><div class='entry-content-wrapper clearfix'>\n\n<style type=\"text\/css\" data-created_by=\"avia_inline_auto\" id=\"style-css-av-ks8uuoln-1a6db0fb56b10e05f2daaf1ef35064e8\">\n.flex_column.av-ks8uuoln-1a6db0fb56b10e05f2daaf1ef35064e8{\nborder-radius:0px 0px 0px 0px;\npadding:0px 0px 0px 0px;\n}\n<\/style>\n<div  class='flex_column av-ks8uuoln-1a6db0fb56b10e05f2daaf1ef35064e8 av_one_full  avia-builder-el-21  avia-builder-el-no-sibling  first flex_column_div av-zero-column-padding  '     ><p>\n<style type=\"text\/css\" data-created_by=\"avia_inline_auto\" id=\"style-css-av-av_font_icon-1432cb18771b1d2e44f378673fe6d8a0\">\n.av_font_icon.av-av_font_icon-1432cb18771b1d2e44f378673fe6d8a0{\ncolor:#ffffff;\nborder-color:#ffffff;\n}\n.avia-svg-icon.av-av_font_icon-1432cb18771b1d2e44f378673fe6d8a0 svg:first-child{\nstroke:#ffffff;\nfill:#ffffff;\n}\n.av_font_icon.av-av_font_icon-1432cb18771b1d2e44f378673fe6d8a0 .av-icon-char{\nfont-size:40px;\nline-height:40px;\n}\n<\/style>\n<span  class='av_font_icon av-av_font_icon-1432cb18771b1d2e44f378673fe6d8a0 avia_animate_when_visible av-icon-style- avia-icon-pos-center avia-iconfont avia-font-entypo-fontello avia-icon-animate'><span class='av-icon-char' data-av_icon='\ue806' data-av_iconfont='entypo-fontello' aria-hidden=\"true\" ><\/span><\/span><br \/>\n\n<style type=\"text\/css\" data-created_by=\"avia_inline_auto\" id=\"style-css-av-av_hr-4d97b7ccfc3f2f224fadcc71f6aba5a1\">\n#top .hr.hr-invisible.av-av_hr-4d97b7ccfc3f2f224fadcc71f6aba5a1{\nmargin-top:-30px;\nheight:1px;\n}\n<\/style>\n<div  class='hr av-av_hr-4d97b7ccfc3f2f224fadcc71f6aba5a1 hr-invisible  avia-builder-el-23  el_after_av_font_icon  el_before_av_heading '><span class='hr-inner '><span class=\"hr-inner-style\"><\/span><\/span><\/div><br \/>\n\n<style type=\"text\/css\" data-created_by=\"avia_inline_auto\" id=\"style-css-av-av_heading-cd6ef525ab0959d039e1997d378db273\">\n#top .av-special-heading.av-av_heading-cd6ef525ab0959d039e1997d378db273{\npadding-bottom:0;\ncolor:#ffffff;\n}\nbody .av-special-heading.av-av_heading-cd6ef525ab0959d039e1997d378db273 .av-special-heading-tag .heading-char{\nfont-size:25px;\n}\n.av-special-heading.av-av_heading-cd6ef525ab0959d039e1997d378db273 .special-heading-inner-border{\nborder-color:#ffffff;\n}\n.av-special-heading.av-av_heading-cd6ef525ab0959d039e1997d378db273 .av-subheading{\nfont-size:15px;\n}\n<\/style>\n<div  class='av-special-heading av-av_heading-cd6ef525ab0959d039e1997d378db273 av-special-heading-h2 custom-color-heading blockquote modern-quote modern-centered  avia-builder-el-24  el_after_av_hr  avia-builder-el-last '><h2 class='av-special-heading-tag '  itemprop=\"headline\"  >\u5317\u91ab\u751f\u6b96\u91ab\u5b78\u4e2d\u5fc3\u795d\u60a8\u597d\u5b55\uff01<\/h2><div class=\"special-heading-border\"><div class=\"special-heading-inner-border\"><\/div><\/div><\/div><\/p><\/div><\/div><\/div><\/div><!-- close content main div --><\/div><\/div><\/div>\n<style type=\"text\/css\" data-created_by=\"avia_inline_auto\" id=\"style-css-av-av_section-dd1110201495b05ac9d8b3e94fa2fa19\">\n.avia-section.av-av_section-dd1110201495b05ac9d8b3e94fa2fa19{\nbackground-repeat:no-repeat;\nbackground-image:url(https:\/\/rms.tmu.edu.tw\/wp-content\/uploads\/2018\/12\/013.jpg);\nbackground-position:50% 50%;\nbackground-attachment:fixed;\n}\n.avia-section.av-av_section-dd1110201495b05ac9d8b3e94fa2fa19 .av-section-color-overlay{\nopacity:0.5;\nbackground-color:#000000;\nbackground-image:url(https:\/\/rms.tmu.edu.tw\/wp-content\/themes\/enfold\/images\/background-images\/ios-linen-dark.png);\nbackground-repeat:repeat;\n}\n<\/style>\n<div id='av_section_4'  class='avia-section av-av_section-dd1110201495b05ac9d8b3e94fa2fa19 main_color avia-section-default avia-no-border-styling  avia-builder-el-25  el_after_av_section  avia-builder-el-last  av-desktop-hide av-medium-hide avia-full-stretch avia-bg-style-fixed av-section-color-overlay-active av-minimum-height av-minimum-height-custom av-height-custom  container_wrap sidebar_right'  data-section-bg-repeat='stretch' data-av_minimum_height_px='300'><div class=\"av-section-color-overlay-wrap\"><div class=\"av-section-color-overlay\"><\/div><div class='container av-section-cont-open' style='height:300px'><div class='template-page content  av-content-small alpha units'><div class='post-entry post-entry-type-page post-entry-4873'><div class='entry-content-wrapper clearfix'>\n\n<style type=\"text\/css\" data-created_by=\"avia_inline_auto\" id=\"style-css-av-ks8uuq9z-2bc6f708f14885e47ed0c2719ecac822\">\n.flex_column.av-ks8uuq9z-2bc6f708f14885e47ed0c2719ecac822{\nborder-radius:0px 0px 0px 0px;\npadding:0px 0px 0px 0px;\n}\n<\/style>\n<div  class='flex_column av-ks8uuq9z-2bc6f708f14885e47ed0c2719ecac822 av_one_full  avia-builder-el-26  avia-builder-el-no-sibling  first flex_column_div av-zero-column-padding  '     ><p>\n<style type=\"text\/css\" data-created_by=\"avia_inline_auto\" id=\"style-css-av-av_font_icon-1432cb18771b1d2e44f378673fe6d8a0\">\n.av_font_icon.av-av_font_icon-1432cb18771b1d2e44f378673fe6d8a0{\ncolor:#ffffff;\nborder-color:#ffffff;\n}\n.avia-svg-icon.av-av_font_icon-1432cb18771b1d2e44f378673fe6d8a0 svg:first-child{\nstroke:#ffffff;\nfill:#ffffff;\n}\n.av_font_icon.av-av_font_icon-1432cb18771b1d2e44f378673fe6d8a0 .av-icon-char{\nfont-size:40px;\nline-height:40px;\n}\n<\/style>\n<span  class='av_font_icon av-av_font_icon-1432cb18771b1d2e44f378673fe6d8a0 avia_animate_when_visible av-icon-style- avia-icon-pos-center avia-iconfont avia-font-entypo-fontello avia-icon-animate'><span class='av-icon-char' data-av_icon='\ue806' data-av_iconfont='entypo-fontello' aria-hidden=\"true\" ><\/span><\/span><br \/>\n\n<style type=\"text\/css\" data-created_by=\"avia_inline_auto\" id=\"style-css-av-av_hr-4d97b7ccfc3f2f224fadcc71f6aba5a1\">\n#top .hr.hr-invisible.av-av_hr-4d97b7ccfc3f2f224fadcc71f6aba5a1{\nmargin-top:-30px;\nheight:1px;\n}\n<\/style>\n<div  class='hr av-av_hr-4d97b7ccfc3f2f224fadcc71f6aba5a1 hr-invisible  avia-builder-el-28  el_after_av_font_icon  el_before_av_heading '><span class='hr-inner '><span class=\"hr-inner-style\"><\/span><\/span><\/div><br \/>\n\n<style type=\"text\/css\" data-created_by=\"avia_inline_auto\" id=\"style-css-av-av_heading-7fe158626d8933f7b225e1ef493726c3\">\n#top .av-special-heading.av-av_heading-7fe158626d8933f7b225e1ef493726c3{\npadding-bottom:0;\ncolor:#ffffff;\n}\nbody .av-special-heading.av-av_heading-7fe158626d8933f7b225e1ef493726c3 .av-special-heading-tag .heading-char{\nfont-size:25px;\n}\n.av-special-heading.av-av_heading-7fe158626d8933f7b225e1ef493726c3 .special-heading-inner-border{\nborder-color:#ffffff;\n}\n.av-special-heading.av-av_heading-7fe158626d8933f7b225e1ef493726c3 .av-subheading{\nfont-size:15px;\n}\n<\/style>\n<div  class='av-special-heading av-av_heading-7fe158626d8933f7b225e1ef493726c3 av-special-heading-h2 custom-color-heading blockquote modern-quote modern-centered  avia-builder-el-29  el_after_av_hr  avia-builder-el-last '><h2 class='av-special-heading-tag '  itemprop=\"headline\"  >\u5317\u91ab\u751f\u6b96\u91ab\u5b78\u4e2d\u5fc3\u795d\u60a8\u597d\u5b55\uff01<\/h2><div class=\"special-heading-border\"><div class=\"special-heading-inner-border\"><\/div><\/div><\/div><\/p><\/div><\/div><\/div><\/div><!-- close content main div --><\/div><\/div><\/div><div id='after_section_4'  class='main_color av_default_container_wrap container_wrap sidebar_right'  ><div class='container av-section-cont-open' ><div class='template-page content  av-content-small alpha units'><div class='post-entry post-entry-type-page post-entry-4873'><div class='entry-content-wrapper clearfix'><\/p>\n","protected":false},"excerpt":{"rendered":"","protected":false},"author":6,"featured_media":0,"parent":4870,"menu_order":0,"comment_status":"closed","ping_status":"closed","template":"","meta":{"footnotes":""},"class_list":["post-4873","page","type-page","status-publish","hentry"],"_links":{"self":[{"href":"https:\/\/rms.tmu.edu.tw\/es\/wp-json\/wp\/v2\/pages\/4873","targetHints":{"allow":["GET"]}}],"collection":[{"href":"https:\/\/rms.tmu.edu.tw\/es\/wp-json\/wp\/v2\/pages"}],"about":[{"href":"https:\/\/rms.tmu.edu.tw\/es\/wp-json\/wp\/v2\/types\/page"}],"author":[{"embeddable":true,"href":"https:\/\/rms.tmu.edu.tw\/es\/wp-json\/wp\/v2\/users\/6"}],"replies":[{"embeddable":true,"href":"https:\/\/rms.tmu.edu.tw\/es\/wp-json\/wp\/v2\/comments?post=4873"}],"version-history":[{"count":4,"href":"https:\/\/rms.tmu.edu.tw\/es\/wp-json\/wp\/v2\/pages\/4873\/revisions"}],"predecessor-version":[{"id":7069,"href":"https:\/\/rms.tmu.edu.tw\/es\/wp-json\/wp\/v2\/pages\/4873\/revisions\/7069"}],"up":[{"embeddable":true,"href":"https:\/\/rms.tmu.edu.tw\/es\/wp-json\/wp\/v2\/pages\/4870"}],"wp:attachment":[{"href":"https:\/\/rms.tmu.edu.tw\/es\/wp-json\/wp\/v2\/media?parent=4873"}],"curies":[{"name":"wp","href":"https:\/\/api.w.org\/{rel}","templated":true}]}}