{"id":4871,"date":"2017-04-24T10:01:55","date_gmt":"2017-04-24T02:01:55","guid":{"rendered":"https:\/\/rms.tmu.edu.tw\/%e7%99%82%e7%a8%8b%e8%aa%aa%e6%98%8e\/%e5%88%9d%e8%a8%ba%e6%b5%81%e7%a8%8b\/"},"modified":"2021-08-12T19:46:08","modified_gmt":"2021-08-12T11:46:08","slug":"%e5%88%9d%e8%a8%ba%e6%b5%81%e7%a8%8b","status":"publish","type":"page","link":"https:\/\/rms.tmu.edu.tw\/es\/descripcion-del-tratamiento\/%e5%88%9d%e8%a8%ba%e6%b5%81%e7%a8%8b\/","title":{"rendered":"Proceso de cita inicial"},"content":{"rendered":"\n<style type=\"text\/css\" data-created_by=\"avia_inline_auto\" id=\"style-css-av-15x8vp3-00a6afd0e5c790687bf0a9387cf008ac\">\n.avia-section.av-15x8vp3-00a6afd0e5c790687bf0a9387cf008ac .av-parallax .av-parallax-inner{\nbackground-repeat:no-repeat;\nbackground-image:url(https:\/\/rms.tmu.edu.tw\/wp-content\/uploads\/2018\/12\/021.jpg);\nbackground-position:50% 50%;\nbackground-attachment:scroll;\n}\n.avia-section.av-15x8vp3-00a6afd0e5c790687bf0a9387cf008ac .av-section-color-overlay{\nopacity:0.3;\nbackground-color:#ffffff;\n}\n<\/style>\n<div id='av_section_1'  class='avia-section av-15x8vp3-00a6afd0e5c790687bf0a9387cf008ac main_color avia-section-default avia-no-border-styling  avia-builder-el-0  el_before_av_section  avia-builder-el-first  avia-full-stretch av-parallax-section avia-bg-style-parallax av-section-color-overlay-active av-minimum-height av-minimum-height-custom av-height-custom  container_wrap sidebar_right'  data-section-bg-repeat='stretch' data-av_minimum_height_px='400'><div class='av-parallax' data-avia-parallax-ratio='0.3' ><div class='av-parallax-inner main_color avia-full-stretch'><\/div><\/div><div class=\"av-section-color-overlay-wrap\"><div class=\"av-section-color-overlay\"><\/div><div class='container av-section-cont-open' style='height:400px'><main  role=\"main\" itemprop=\"mainContentOfPage\"  class='template-page content  av-content-small alpha units'><div class='post-entry post-entry-type-page post-entry-4871'><div class='entry-content-wrapper clearfix'>\n\n<style type=\"text\/css\" data-created_by=\"avia_inline_auto\" id=\"style-css-av-ks8uqg4t-21b40e99c7d3f5890d6105a5046e8153\">\n.flex_column.av-ks8uqg4t-21b40e99c7d3f5890d6105a5046e8153{\nborder-radius:40px 40px 40px 40px;\npadding:40px 40px 40px 40px;\nbackground-color:rgba(255,255,255,0.75);\n}\n<\/style>\n<div  class='flex_column av-ks8uqg4t-21b40e99c7d3f5890d6105a5046e8153 av_one_third  avia-builder-el-1  el_before_av_one_third  avia-builder-el-first  banner_title first flex_column_div av-animated-generic fade-in  '     ><p>\n<style type=\"text\/css\" data-created_by=\"avia_inline_auto\" id=\"style-css-av-150ar2v-70a53c0d099eac732705a5b4284bfa1b\">\n#top .av-special-heading.av-150ar2v-70a53c0d099eac732705a5b4284bfa1b{\npadding-bottom:0;\n}\nbody .av-special-heading.av-150ar2v-70a53c0d099eac732705a5b4284bfa1b .av-special-heading-tag .heading-char{\nfont-size:25px;\n}\n.av-special-heading.av-150ar2v-70a53c0d099eac732705a5b4284bfa1b .av-subheading{\nfont-size:15px;\n}\n<\/style>\n<div  class='av-special-heading av-150ar2v-70a53c0d099eac732705a5b4284bfa1b av-special-heading-h2 blockquote modern-quote modern-centered  avia-builder-el-2  el_before_av_hr  avia-builder-el-first '><h2 class='av-special-heading-tag '  itemprop=\"headline\"  >Proceso de cita inicial<\/h2><div class=\"special-heading-border\"><div class=\"special-heading-inner-border\"><\/div><\/div><\/div><br \/>\n\n<style type=\"text\/css\" data-created_by=\"avia_inline_auto\" id=\"style-css-av-13cm1on-35a3e7d90e04abbe0c96e6c5c8b88ab7\">\n#top .hr.av-13cm1on-35a3e7d90e04abbe0c96e6c5c8b88ab7{\nmargin-top:10px;\nmargin-bottom:10px;\n}\n.hr.av-13cm1on-35a3e7d90e04abbe0c96e6c5c8b88ab7 .hr-inner{\nwidth:80%;\nborder-color:#bbbbbb;\n}\n<\/style>\n<div  class='hr av-13cm1on-35a3e7d90e04abbe0c96e6c5c8b88ab7 hr-custom  avia-builder-el-3  el_after_av_heading  el_before_av_textblock  hr-center hr-icon-no'><span class='hr-inner inner-border-av-border-thin'><span class=\"hr-inner-style\"><\/span><\/span><\/div><br \/>\n\n<style type=\"text\/css\" data-created_by=\"avia_inline_auto\" id=\"style-css-av-11tzb7r-4cc887a8608405a5cd56aa272c14edd4\">\n#top .av_textblock_section.av-11tzb7r-4cc887a8608405a5cd56aa272c14edd4 .avia_textblock{\nfont-size:18px;\n}\n<\/style>\n<section  class='av_textblock_section av-11tzb7r-4cc887a8608405a5cd56aa272c14edd4 '   itemscope=\"itemscope\" itemtype=\"https:\/\/schema.org\/CreativeWork\" ><div class='avia_textblock'  itemprop=\"text\" ><p style=\"text-align: center;\">Descripci\u00f3n del tratamiento<\/p>\n<\/div><\/section><\/p><\/div>\n<style type=\"text\/css\" data-created_by=\"avia_inline_auto\" id=\"style-css-av-z1kzh3-3001a2db00057910ed0fc2e50c1952bb\">\n.flex_column.av-z1kzh3-3001a2db00057910ed0fc2e50c1952bb{\nborder-radius:0px 0px 0px 0px;\npadding:0px 0px 0px 0px;\n}\n<\/style>\n<div  class='flex_column av-z1kzh3-3001a2db00057910ed0fc2e50c1952bb av_one_third  avia-builder-el-5  el_after_av_one_third  el_before_av_one_third  title flex_column_div av-zero-column-padding  '     ><\/div>\n<style type=\"text\/css\" data-created_by=\"avia_inline_auto\" id=\"style-css-av-yg4b47-b3641a851ab149571e17e3defcb7caa2\">\n.flex_column.av-yg4b47-b3641a851ab149571e17e3defcb7caa2{\nborder-radius:0px 0px 0px 0px;\npadding:0px 0px 0px 0px;\n}\n<\/style>\n<div  class='flex_column av-yg4b47-b3641a851ab149571e17e3defcb7caa2 av_one_third  avia-builder-el-6  el_after_av_one_third  avia-builder-el-last  flex_column_div av-zero-column-padding  '     ><\/div><\/div><\/div><\/main><!-- close content main element --><\/div><\/div><\/div><div id='av_section_2'  class='avia-section av-werpdz-a6daee42db5d2a0ad5e7ede4c7dcef78 main_color avia-section-no-padding avia-no-border-styling  avia-builder-el-7  el_after_av_section  el_before_av_section  av-small-hide av-mini-hide avia-bg-style-scroll container_wrap sidebar_right'  ><div class='container av-section-cont-open' ><div class='template-page content  av-content-small alpha units'><div class='post-entry post-entry-type-page post-entry-4871'><div class='entry-content-wrapper clearfix'>\n<div  class='flex_column av-av_one_half-bb0c93372dbfdfd42698443400a42550 av_one_half  avia-builder-el-8  el_before_av_one_half  avia-builder-el-first  flex_column_div  '     ><style type=\"text\/css\" data-created_by=\"avia_inline_auto\" id=\"style-css-av-u1sahz-9a95ffe147adf1088bf21a257f33b830\">\n.avia-image-container.av-u1sahz-9a95ffe147adf1088bf21a257f33b830 img.avia_image{\nbox-shadow:none;\n}\n.avia-image-container.av-u1sahz-9a95ffe147adf1088bf21a257f33b830 .av-image-caption-overlay-center{\ncolor:#ffffff;\n}\n<\/style>\n<div  class='avia-image-container av-u1sahz-9a95ffe147adf1088bf21a257f33b830 av-styling- avia-align-center  avia-builder-el-9  avia-builder-el-no-sibling '   itemprop=\"image\" itemscope=\"itemscope\" itemtype=\"https:\/\/schema.org\/ImageObject\" ><div class=\"avia-image-container-inner\"><div class=\"avia-image-overlay-wrap\"><img decoding=\"async\" fetchpriority=\"high\" class='wp-image-5062 avia-img-lazy-loading-not-5062 avia_image ' src=\"https:\/\/rms.tmu.edu.tw\/wp-content\/uploads\/2018\/12\/baby2-1500x630.jpg\" alt='' title='baby2'  height=\"630\" width=\"1500\"  itemprop=\"thumbnailUrl\"  \/><\/div><\/div><\/div><\/div><div  class='flex_column av-av_one_half-bb0c93372dbfdfd42698443400a42550 av_one_half  avia-builder-el-10  el_after_av_one_half  el_before_av_one_half  flex_column_div  '     ><p>\n<style type=\"text\/css\" data-created_by=\"avia_inline_auto\" id=\"style-css-av-tipk9z-8f24a12f0f0479ab8c4b430b92e6bf7d\">\n#top .av_textblock_section.av-tipk9z-8f24a12f0f0479ab8c4b430b92e6bf7d .avia_textblock{\nfont-size:15px;\n}\n<\/style>\n<section  class='av_textblock_section av-tipk9z-8f24a12f0f0479ab8c4b430b92e6bf7d '   itemscope=\"itemscope\" itemtype=\"https:\/\/schema.org\/CreativeWork\" ><div class='avia_textblock'  itemprop=\"text\" ><p>Cita por primera vez en nuestro hospital o cuando desea ingresar al tratamiento de reproducci\u00f3n artificial<\/p>\n<p>Utilice el sistema de registro de Internet del Hospital de la Universidad Medica de Taipei en el dia 2 al 4 del flujo de la menstruaci\u00f3n.<\/p>\n<p>O reg\u00edstrese en la Cl\u00ednica de Obstetricia y Ginecolog\u00eda en el psio 2 en el d\u00eda de la sesion.<\/p>\n<p>(Para el formulario de consulta, consulte el Registro de Internet del Hospital de la Universidad Medica de Taipei)<\/p>\n<\/div><\/section><br \/>\n\n<style type=\"text\/css\" data-created_by=\"avia_inline_auto\" id=\"style-css-av-qzotbb-07df466edab58319a9c36c2fa77984c2\">\n#top .hr.hr-invisible.av-qzotbb-07df466edab58319a9c36c2fa77984c2{\nheight:10px;\n}\n<\/style>\n<div  class='hr av-qzotbb-07df466edab58319a9c36c2fa77984c2 hr-invisible  avia-builder-el-12  el_after_av_textblock  el_before_av_button '><span class='hr-inner '><span class=\"hr-inner-style\"><\/span><\/span><\/div><br \/>\n<div  class='avia-button-wrap av-pvquc7-fd9bf696a5bb4958d66049b8d80d9538-wrap avia-button-center  avia-builder-el-13  el_after_av_hr  avia-builder-el-last '><a href='http:\/\/www.tmuh.org.tw\/tmuh_web\/'  class='avia-button av-pvquc7-fd9bf696a5bb4958d66049b8d80d9538 av-link-btn avia-icon_select-yes-right-icon avia-size-large avia-position-center av-icon-on-hover avia-color-theme-color'  target=\"_blank\"  rel=\"noopener noreferrer\"  aria-label=\"TMUH\"><span class='avia_iconbox_title' >TMUH<\/span><span class='avia_button_icon avia_button_icon_right avia-iconfont avia-font-entypo-fontello' data-av_icon='\ue844' data-av_iconfont='entypo-fontello' ><\/span><\/a><\/div><\/p><\/div><div class='flex_column_table av-ks8uqmly-fb3deb21aedd3da3d7d6511e3d82347f sc-av_one_half av-equal-height-column-flextable'>\n<style type=\"text\/css\" data-created_by=\"avia_inline_auto\" id=\"style-css-av-ks8uqmly-fb3deb21aedd3da3d7d6511e3d82347f\">\n.flex_column.av-ks8uqmly-fb3deb21aedd3da3d7d6511e3d82347f{\nborder-radius:0px 0px 0px 0px;\npadding:3% 3% 3% 3%;\nbackground-color:#ebebeb;\n}\n<\/style>\n<div  class='flex_column av-ks8uqmly-fb3deb21aedd3da3d7d6511e3d82347f av_one_half  avia-builder-el-14  el_after_av_one_half  el_before_av_one_half  first no_margin flex_column_table_cell av-equal-height-column av-align-middle  column-top-margin'     ><style type=\"text\/css\" data-created_by=\"avia_inline_auto\" id=\"style-css-av-nw3ytz-24441eb5e3f55cf4934bbd39dab692bc\">\n.avia-image-container.av-nw3ytz-24441eb5e3f55cf4934bbd39dab692bc img.avia_image{\nbox-shadow:none;\n}\n.avia-image-container.av-nw3ytz-24441eb5e3f55cf4934bbd39dab692bc .av-image-caption-overlay-center{\ncolor:#ffffff;\n}\n<\/style>\n<div  class='avia-image-container av-nw3ytz-24441eb5e3f55cf4934bbd39dab692bc av-styling- avia-align-center  avia-builder-el-15  avia-builder-el-no-sibling '   itemprop=\"image\" itemscope=\"itemscope\" itemtype=\"https:\/\/schema.org\/ImageObject\" ><div class=\"avia-image-container-inner\"><div class=\"avia-image-overlay-wrap\"><img decoding=\"async\" fetchpriority=\"high\" class='wp-image-4924 avia-img-lazy-loading-not-4924 avia_image ' src=\"https:\/\/rms.tmu.edu.tw\/wp-content\/uploads\/2019\/01\/tmu05-1500x630.jpg\" alt='' title='tmu05'  height=\"630\" width=\"1500\"  itemprop=\"thumbnailUrl\"  \/><\/div><\/div><\/div><\/div>\n<style type=\"text\/css\" data-created_by=\"avia_inline_auto\" id=\"style-css-av-mbpsev-9f3f9aa7690e7dd60af9139fd6a73388\">\n.flex_column.av-mbpsev-9f3f9aa7690e7dd60af9139fd6a73388{\nborder-radius:0px 0px 0px 0px;\npadding:0px 0px 0px 0px;\n}\n<\/style>\n<div  class='flex_column av-mbpsev-9f3f9aa7690e7dd60af9139fd6a73388 av_one_half  avia-builder-el-16  el_after_av_one_half  avia-builder-el-last  no_margin flex_column_table_cell av-equal-height-column av-align-middle av-zero-column-padding  column-top-margin'     ><p>\n<style type=\"text\/css\" data-created_by=\"avia_inline_auto\" id=\"style-css-av-kkyp93-8a75d384ab8bf9f609e3c45fece7f230\">\n#top .av_textblock_section.av-kkyp93-8a75d384ab8bf9f609e3c45fece7f230 .avia_textblock{\nfont-size:15px;\n}\n<\/style>\n<section  class='av_textblock_section av-kkyp93-8a75d384ab8bf9f609e3c45fece7f230 '   itemscope=\"itemscope\" itemtype=\"https:\/\/schema.org\/CreativeWork\" ><div class='avia_textblock'  itemprop=\"text\" ><p>Si la menstruaci\u00f3n no se encuentra con el doctor correspondiente los d\u00edas 2 al 4 del flujo de la menstruaci\u00f3n.<\/p>\n<p>Por favor llame al Centro de Medicina Reproductiva.<\/p>\n<\/div><\/section><br \/>\n\n<style type=\"text\/css\" data-created_by=\"avia_inline_auto\" id=\"style-css-av-j1byhj-aac7c860cd12ca13dfb0ff904c791d10\">\n#top .hr.hr-invisible.av-j1byhj-aac7c860cd12ca13dfb0ff904c791d10{\nheight:10px;\n}\n<\/style>\n<div  class='hr av-j1byhj-aac7c860cd12ca13dfb0ff904c791d10 hr-invisible  avia-builder-el-18  el_after_av_textblock  el_before_av_button '><span class='hr-inner '><span class=\"hr-inner-style\"><\/span><\/span><\/div><br \/>\n<div  class='avia-button-wrap av-hkanx3-34b5591fd837bf2cebf7b860f3eb0663-wrap avia-button-center  avia-builder-el-19  el_after_av_hr  avia-builder-el-last '>\n<style type=\"text\/css\" data-created_by=\"avia_inline_auto\" id=\"style-css-av-hkanx3-34b5591fd837bf2cebf7b860f3eb0663\">\n#top #wrap_all .avia-button.av-hkanx3-34b5591fd837bf2cebf7b860f3eb0663{\nbackground-color:#444444;\nborder-color:#444444;\ncolor:#ffffff;\ntransition:all 0.4s ease-in-out;\n}\n#top #wrap_all .avia-button.av-hkanx3-34b5591fd837bf2cebf7b860f3eb0663 .avia-svg-icon svg:first-child{\nfill:#ffffff;\nstroke:#ffffff;\n}\n<\/style>\n<a href='tel: +886 2 27372181'  class='avia-button av-hkanx3-34b5591fd837bf2cebf7b860f3eb0663 av-link-btn avia-icon_select-yes-left-icon avia-size-large avia-position-center av-icon-on-hover'  target=\"_blank\"  rel=\"noopener noreferrer\"  aria-label=\"Llamar inmediatamente\"><span class='avia_button_icon avia_button_icon_left avia-iconfont avia-font-entypo-fontello' data-av_icon='\ue854' data-av_iconfont='entypo-fontello' ><\/span><span class='avia_iconbox_title' >Llamar inmediatamente<\/span><\/a><\/div><\/p><\/div><\/div><!--close column table wrapper. Autoclose: 1 --><\/div><\/div><\/div><!-- close content main div --><\/div><\/div><div id='av_section_3'  class='avia-section av-fikcd3-958f74c9704ccc7dd82cd51d58852184 main_color avia-section-default avia-no-border-styling  avia-builder-el-20  el_after_av_section  avia-builder-el-last  av-desktop-hide av-medium-hide avia-bg-style-scroll container_wrap sidebar_right'  ><div class='container av-section-cont-open' ><div class='template-page content  av-content-small alpha units'><div class='post-entry post-entry-type-page post-entry-4871'><div class='entry-content-wrapper clearfix'>\n<div class='flex_column_table av-ks8uqq1q-f9372efd69eaa0122df6ee91d2b246ee sc-av_one_half av-equal-height-column-flextable'>\n<style type=\"text\/css\" data-created_by=\"avia_inline_auto\" id=\"style-css-av-ks8uqq1q-f9372efd69eaa0122df6ee91d2b246ee\">\n.flex_column.av-ks8uqq1q-f9372efd69eaa0122df6ee91d2b246ee{\nborder-radius:0px 0px 0px 0px;\npadding:3% 3% 3% 3%;\nbackground-color:#f8f8f8;\n}\n<\/style>\n<div  class='flex_column av-ks8uqq1q-f9372efd69eaa0122df6ee91d2b246ee av_one_half  avia-builder-el-21  el_before_av_one_half  avia-builder-el-first  first no_margin flex_column_table_cell av-equal-height-column av-align-middle  '     ><style type=\"text\/css\" data-created_by=\"avia_inline_auto\" id=\"style-css-av-en1fvr-0aca11c473b0f90dc30d7a4ab96aab57\">\n.avia-image-container.av-en1fvr-0aca11c473b0f90dc30d7a4ab96aab57 img.avia_image{\nbox-shadow:none;\n}\n.avia-image-container.av-en1fvr-0aca11c473b0f90dc30d7a4ab96aab57 .av-image-caption-overlay-center{\ncolor:#ffffff;\n}\n<\/style>\n<div  class='avia-image-container av-en1fvr-0aca11c473b0f90dc30d7a4ab96aab57 av-styling- avia-align-center  avia-builder-el-22  avia-builder-el-no-sibling '   itemprop=\"image\" itemscope=\"itemscope\" itemtype=\"https:\/\/schema.org\/ImageObject\" ><div class=\"avia-image-container-inner\"><div class=\"avia-image-overlay-wrap\"><img decoding=\"async\" fetchpriority=\"high\" class='wp-image-5062 avia-img-lazy-loading-not-5062 avia_image ' src=\"https:\/\/rms.tmu.edu.tw\/wp-content\/uploads\/2018\/12\/baby2-1500x630.jpg\" alt='' title='baby2'  height=\"630\" width=\"1500\"  itemprop=\"thumbnailUrl\"  \/><\/div><\/div><\/div><\/div>\n<style type=\"text\/css\" data-created_by=\"avia_inline_auto\" id=\"style-css-av-ks8uqrjg-afe8cef5f5f6558fe1c0186cbcdbba58\">\n.flex_column.av-ks8uqrjg-afe8cef5f5f6558fe1c0186cbcdbba58{\nborder-radius:0px 0px 0px 0px;\npadding:20px 20px 20px 20px;\nbackground-color:#ebebeb;\n}\n<\/style>\n<div  class='flex_column av-ks8uqrjg-afe8cef5f5f6558fe1c0186cbcdbba58 av_one_half  avia-builder-el-23  el_after_av_one_half  el_before_av_one_half  no_margin flex_column_table_cell av-equal-height-column av-align-middle  '     ><style type=\"text\/css\" data-created_by=\"avia_inline_auto\" id=\"style-css-av-bt83pz-a8609505db80307c6898b0e1997378f2\">\n#top .av_textblock_section.av-bt83pz-a8609505db80307c6898b0e1997378f2 .avia_textblock{\nfont-size:15px;\n}\n<\/style>\n<section  class='av_textblock_section av-bt83pz-a8609505db80307c6898b0e1997378f2 '   itemscope=\"itemscope\" itemtype=\"https:\/\/schema.org\/CreativeWork\" ><div class='avia_textblock'  itemprop=\"text\" ><p style=\"text-align: center;\">\u65bc\u672c\u9662 <strong><span style=\"font-size: 20px;\">\u9996\u6b21\u521d\u8a3a<\/span><\/strong><\/p>\n<p style=\"text-align: center;\">\u6216 <strong><span style=\"font-size: 20px;\">\u7576\u6b21\u6b32\u9032\u5165\u4eba\u5de5\u751f\u6b96\u7642\u7a0b\u8005<\/span><\/strong><\/p>\n<p style=\"text-align: center;\">\u8acb\u65bc<strong>\u6708\u7d93\u4f86\u6f6e\u4e4b2 \u2013 4\u65e5<\/strong><\/p>\n<p style=\"text-align: center;\">\u5229\u7528\u5317\u91ab\u7db2\u8def\u639b\u865f\u7cfb\u7d71<\/p>\n<p style=\"text-align: center;\">\u6216\u65bc\u9580\u8a3a\u65e5\u73fe\u5834\u639b\u865f<\/p>\n<p style=\"text-align: center;\">\u6b32\u770b\u8a3a\u91ab\u5e2b\u4e4b2F\u5a66\u7522\u79d1\u9580\u8a3a<\/p>\n<p style=\"text-align: center;\"><span style=\"font-size: 13px;\">(\u9580\u8a3a\u8868\u8acb\u898b\u5317\u91ab\u7db2\u8def\u639b\u865f)<\/span><\/p>\n<\/div><\/section><br \/>\n\n<style type=\"text\/css\" data-created_by=\"avia_inline_auto\" id=\"style-css-av-a9pfk7-291fccb3022e0761074c6bd912f6fd62\">\n#top .hr.hr-invisible.av-a9pfk7-291fccb3022e0761074c6bd912f6fd62{\nheight:10px;\n}\n<\/style>\n<div  class='hr av-a9pfk7-291fccb3022e0761074c6bd912f6fd62 hr-invisible  avia-builder-el-25  el_after_av_textblock  el_before_av_button '><span class='hr-inner '><span class=\"hr-inner-style\"><\/span><\/span><\/div><br \/>\n<div  class='avia-button-wrap av-96sbqv-e39515404cbb56762523847ca80ec72a-wrap avia-button-center  avia-builder-el-26  el_after_av_hr  avia-builder-el-last '><a href='http:\/\/www.tmuh.org.tw\/tmuh_web\/'  class='avia-button av-96sbqv-e39515404cbb56762523847ca80ec72a av-link-btn avia-icon_select-yes-right-icon avia-size-large avia-position-center av-icon-on-hover avia-color-theme-color'  target=\"_blank\"  rel=\"noopener noreferrer\"  aria-label=\"\u5317\u91ab\u7db2\u8def\u639b\u865f\"><span class='avia_iconbox_title' >\u5317\u91ab\u7db2\u8def\u639b\u865f<\/span><span class='avia_button_icon avia_button_icon_right avia-iconfont avia-font-entypo-fontello' data-av_icon='\ue844' data-av_iconfont='entypo-fontello' ><\/span><\/a><\/div><\/p><\/div><\/div><!--close column table wrapper. Autoclose: 1 --><div class='flex_column_table av-ks8uqt7r-742cca2a325498d78530b0f488881cfa sc-av_one_half av-equal-height-column-flextable'>\n<style type=\"text\/css\" data-created_by=\"avia_inline_auto\" id=\"style-css-av-ks8uqt7r-742cca2a325498d78530b0f488881cfa\">\n.flex_column.av-ks8uqt7r-742cca2a325498d78530b0f488881cfa{\nborder-radius:0px 0px 0px 0px;\npadding:3% 3% 3% 3%;\nbackground-color:#ebebeb;\n}\n<\/style>\n<div  class='flex_column av-ks8uqt7r-742cca2a325498d78530b0f488881cfa av_one_half  avia-builder-el-27  el_after_av_one_half  el_before_av_one_half  first no_margin flex_column_table_cell av-equal-height-column av-align-middle  column-top-margin'     ><style type=\"text\/css\" data-created_by=\"avia_inline_auto\" id=\"style-css-av-72gc9z-46b3b4deb394bca042c74e99d9c1e303\">\n.avia-image-container.av-72gc9z-46b3b4deb394bca042c74e99d9c1e303 img.avia_image{\nbox-shadow:none;\n}\n.avia-image-container.av-72gc9z-46b3b4deb394bca042c74e99d9c1e303 .av-image-caption-overlay-center{\ncolor:#ffffff;\n}\n<\/style>\n<div  class='avia-image-container av-72gc9z-46b3b4deb394bca042c74e99d9c1e303 av-styling- avia-align-center  avia-builder-el-28  avia-builder-el-no-sibling '   itemprop=\"image\" itemscope=\"itemscope\" itemtype=\"https:\/\/schema.org\/ImageObject\" ><div class=\"avia-image-container-inner\"><div class=\"avia-image-overlay-wrap\"><img decoding=\"async\" fetchpriority=\"high\" class='wp-image-4924 avia-img-lazy-loading-not-4924 avia_image ' src=\"https:\/\/rms.tmu.edu.tw\/wp-content\/uploads\/2019\/01\/tmu05-1500x630.jpg\" alt='' title='tmu05'  height=\"630\" width=\"1500\"  itemprop=\"thumbnailUrl\"  \/><\/div><\/div><\/div><\/div>\n<style type=\"text\/css\" data-created_by=\"avia_inline_auto\" id=\"style-css-av-ks8uqucd-a271509f2d02733ce95aabf2ec6122a0\">\n.flex_column.av-ks8uqucd-a271509f2d02733ce95aabf2ec6122a0{\nborder-radius:0px 0px 0px 0px;\npadding:20px 20px 20px 20px;\nbackground-color:#f8f8f8;\n}\n<\/style>\n<div  class='flex_column av-ks8uqucd-a271509f2d02733ce95aabf2ec6122a0 av_one_half  avia-builder-el-29  el_after_av_one_half  avia-builder-el-last  no_margin flex_column_table_cell av-equal-height-column av-align-middle  column-top-margin'     ><style type=\"text\/css\" data-created_by=\"avia_inline_auto\" id=\"style-css-av-5qrqfr-50e1257d02e2bfc24000f8e85e6d59ec\">\n#top .av_textblock_section.av-5qrqfr-50e1257d02e2bfc24000f8e85e6d59ec .avia_textblock{\nfont-size:15px;\n}\n<\/style>\n<section  class='av_textblock_section av-5qrqfr-50e1257d02e2bfc24000f8e85e6d59ec '   itemscope=\"itemscope\" itemtype=\"https:\/\/schema.org\/CreativeWork\" ><div class='avia_textblock'  itemprop=\"text\" ><p style=\"text-align: center;\">\u82e5\u6708\u7d932 &#8211; 4\u65e5<\/p>\n<p style=\"text-align: center;\">\u6070\u672a\u9047\u8a72\u91ab\u5e2b 2F \u5a66\u7522\u79d1\u9580\u8a3a\u6642\u6bb5<\/p>\n<p style=\"text-align: center;\">\u8acb\u81f4\u96fb\u751f\u6b96\u91ab\u5b78\u4e2d\u5fc3\u70ba\u60a8\u8655\u7406<\/p>\n<\/div><\/section><br \/>\n\n<style type=\"text\/css\" data-created_by=\"avia_inline_auto\" id=\"style-css-av-4xlpif-5b10c671708da80d63f88748128e4e03\">\n#top .hr.hr-invisible.av-4xlpif-5b10c671708da80d63f88748128e4e03{\nheight:10px;\n}\n<\/style>\n<div  class='hr av-4xlpif-5b10c671708da80d63f88748128e4e03 hr-invisible  avia-builder-el-31  el_after_av_textblock  el_before_av_button '><span class='hr-inner '><span class=\"hr-inner-style\"><\/span><\/span><\/div><br \/>\n<div  class='avia-button-wrap av-26z95j-e064b9963f64cf3dd7edb23ddb3a6f15-wrap avia-button-center  avia-builder-el-32  el_after_av_hr  avia-builder-el-last '>\n<style type=\"text\/css\" data-created_by=\"avia_inline_auto\" id=\"style-css-av-26z95j-e064b9963f64cf3dd7edb23ddb3a6f15\">\n#top #wrap_all .avia-button.av-26z95j-e064b9963f64cf3dd7edb23ddb3a6f15{\nbackground-color:#444444;\nborder-color:#444444;\ncolor:#ffffff;\ntransition:all 0.4s ease-in-out;\n}\n#top #wrap_all .avia-button.av-26z95j-e064b9963f64cf3dd7edb23ddb3a6f15 .avia-svg-icon svg:first-child{\nfill:#ffffff;\nstroke:#ffffff;\n}\n<\/style>\n<a href='tel:0227372181'  class='avia-button av-26z95j-e064b9963f64cf3dd7edb23ddb3a6f15 av-link-btn avia-icon_select-yes-left-icon avia-size-large avia-position-center av-icon-on-hover'  target=\"_blank\"  rel=\"noopener noreferrer\"  aria-label=\"\u7acb\u5373\u64a5\u6253\"><span class='avia_button_icon avia_button_icon_left avia-iconfont avia-font-entypo-fontello' data-av_icon='\ue854' data-av_iconfont='entypo-fontello' ><\/span><span class='avia_iconbox_title' >\u7acb\u5373\u64a5\u6253<\/span><\/a><\/div><\/p><\/div><\/div><!--close column table wrapper. Autoclose: 1 --><\/div><\/div><\/div><!-- close content main div --><\/div><\/div><div id='after_section_3'  class='main_color av_default_container_wrap container_wrap sidebar_right'  ><div class='container av-section-cont-open' ><div class='template-page content  av-content-small alpha units'><div class='post-entry post-entry-type-page post-entry-4871'><div class='entry-content-wrapper clearfix'><\/p>\n","protected":false},"excerpt":{"rendered":"","protected":false},"author":9,"featured_media":0,"parent":4870,"menu_order":0,"comment_status":"closed","ping_status":"closed","template":"","meta":{"footnotes":""},"class_list":["post-4871","page","type-page","status-publish","hentry"],"_links":{"self":[{"href":"https:\/\/rms.tmu.edu.tw\/es\/wp-json\/wp\/v2\/pages\/4871","targetHints":{"allow":["GET"]}}],"collection":[{"href":"https:\/\/rms.tmu.edu.tw\/es\/wp-json\/wp\/v2\/pages"}],"about":[{"href":"https:\/\/rms.tmu.edu.tw\/es\/wp-json\/wp\/v2\/types\/page"}],"author":[{"embeddable":true,"href":"https:\/\/rms.tmu.edu.tw\/es\/wp-json\/wp\/v2\/users\/9"}],"replies":[{"embeddable":true,"href":"https:\/\/rms.tmu.edu.tw\/es\/wp-json\/wp\/v2\/comments?post=4871"}],"version-history":[{"count":5,"href":"https:\/\/rms.tmu.edu.tw\/es\/wp-json\/wp\/v2\/pages\/4871\/revisions"}],"predecessor-version":[{"id":7071,"href":"https:\/\/rms.tmu.edu.tw\/es\/wp-json\/wp\/v2\/pages\/4871\/revisions\/7071"}],"up":[{"embeddable":true,"href":"https:\/\/rms.tmu.edu.tw\/es\/wp-json\/wp\/v2\/pages\/4870"}],"wp:attachment":[{"href":"https:\/\/rms.tmu.edu.tw\/es\/wp-json\/wp\/v2\/media?parent=4871"}],"curies":[{"name":"wp","href":"https:\/\/api.w.org\/{rel}","templated":true}]}}